{"id":132,"date":"2015-10-01T16:19:30","date_gmt":"2015-10-01T16:19:30","guid":{"rendered":"http:\/\/www.studiolegalenapolitano.com\/?page_id=132"},"modified":"2015-11-04T10:11:19","modified_gmt":"2015-11-04T10:11:19","slug":"litigation-arbitration","status":"publish","type":"page","link":"https:\/\/www.studiolegalenapolitano.com\/fr\/attivita\/litigation-arbitration\/","title":{"rendered":"Contentieux et Arbitrage"},"content":{"rendered":"<p><\/p>\n<p style=\"text-align: justify;\">Studio Legale Napolitano assume la d\u00e9fense de ses assist\u00e9s devant les tribunaux, dans toutes les juridictions ordinaires ou sp\u00e9ciales, devant la magistrature civile, p\u00e9nale, administrative, fiscale comme pour toute proc\u00e9dure devant les autorit\u00e9s administratives ind\u00e9pendantes.<\/p>\n<p style=\"text-align: justify;\">L&rsquo;assistance porte notamment sur la phase du pr\u00e9 contentieux dans le but de pr\u00e9venir ou de relativiser les possibles controverses, y compris par le recours \u00e0 des proc\u00e9dures visant \u00e0 la r\u00e9solution alternative des controverses (ADR) avec pr\u00e9 disposition d&rsquo;accords de transaction et actes de conciliation extra judiciaire.<\/p>\n<p style=\"text-align: justify;\">Le cabinet a construit une solide exp\u00e9rience dans le secteur des proc\u00e9dures arbitrales devant les organismes nationaux ou internationaux, en s&rsquo;appuyant sur ses professionnels tant dans le r\u00f4le de d\u00e9fenseur que d&rsquo;arbitre nomm\u00e9 par une des parties, ou encore de pr\u00e9sident du coll\u00e8ge arbitral.<\/p>\n<p style=\"text-align: justify;\">Le cabinet est d&rsquo;avis que la rapide r\u00e9solution des controverse est d&rsquo;une valeur tr\u00e8s pr\u00e9cieuse et ses professionnels donnent grande attention \u00e0 la d\u00e9finition les risques du contentieux d\u00e9rivants de toute d\u00e9cision commerciale, fournissant des consultations sur les strat\u00e9gies appropri\u00e9es pour mieux prot\u00e9ger les int\u00e9r\u00eats de ses clients, y compris par la mise au point de proc\u00e9dures contractuelles efficaces de r\u00e9solution des controverses dans le cadre de n\u00e9gociations contractuelles.<\/p>\n<p><\/p>","protected":false},"excerpt":{"rendered":"<p>Studio Legale Napolitano assume la d\u00e9fense de ses assist\u00e9s devant les tribunaux, dans toutes les juridictions ordinaires ou sp\u00e9ciales, devant la magistrature civile, p\u00e9nale, administrative, fiscale comme pour toute proc\u00e9dure devant les autorit\u00e9s administratives ind\u00e9pendantes. L&rsquo;assistance porte notamment sur la phase du pr\u00e9 contentieux dans le but de pr\u00e9venir ou de relativiser les possibles controverses,&#8230;<\/p>\n","protected":false},"author":6,"featured_media":0,"parent":43,"menu_order":0,"comment_status":"closed","ping_status":"closed","template":"","meta":{"footnotes":""},"class_list":["post-132","page","type-page","status-publish","hentry"],"yoast_head":"<!-- This site is optimized with the Yoast SEO plugin v27.5 - https:\/\/yoast.com\/product\/yoast-seo-wordpress\/ -->\n<title>Contentieux et Arbitrage - Studio Legale Napolitano<\/title>\n<meta name=\"robots\" content=\"index, follow, max-snippet:-1, max-image-preview:large, max-video-preview:-1\" \/>\n<link rel=\"canonical\" href=\"https:\/\/www.studiolegalenapolitano.com\/attivita\/litigation-arbitration\/\" \/>\n<meta property=\"og:locale\" content=\"fr_FR\" \/>\n<meta property=\"og:type\" content=\"article\" \/>\n<meta property=\"og:title\" content=\"Contentieux et Arbitrage - Studio Legale Napolitano\" \/>\n<meta property=\"og:description\" content=\"Studio Legale Napolitano assume la d\u00e9fense de ses assist\u00e9s devant les tribunaux, dans toutes les juridictions ordinaires ou sp\u00e9ciales, devant la magistrature civile, p\u00e9nale, administrative, fiscale comme pour toute proc\u00e9dure devant les autorit\u00e9s administratives ind\u00e9pendantes. L&rsquo;assistance porte notamment sur la phase du pr\u00e9 contentieux dans le but de pr\u00e9venir ou de relativiser les possibles controverses,...\" \/>\n<meta property=\"og:url\" content=\"https:\/\/www.studiolegalenapolitano.com\/attivita\/litigation-arbitration\/\" \/>\n<meta property=\"og:site_name\" content=\"Studio Legale Napolitano\" \/>\n<meta property=\"article:modified_time\" content=\"2015-11-04T10:11:19+00:00\" \/>\n<meta name=\"twitter:card\" content=\"summary_large_image\" \/>\n<meta name=\"twitter:label1\" content=\"Dur\u00e9e de lecture estim\u00e9e\" \/>\n\t<meta name=\"twitter:data1\" content=\"3 minutes\" \/>\n<script type=\"application\/ld+json\" class=\"yoast-schema-graph\">{\"@context\":\"https:\\\/\\\/schema.org\",\"@graph\":[{\"@type\":\"WebPage\",\"@id\":\"https:\\\/\\\/www.studiolegalenapolitano.com\\\/attivita\\\/litigation-arbitration\\\/\",\"url\":\"https:\\\/\\\/www.studiolegalenapolitano.com\\\/attivita\\\/litigation-arbitration\\\/\",\"name\":\"Contentieux et Arbitrage - Studio Legale Napolitano\",\"isPartOf\":{\"@id\":\"https:\\\/\\\/www.studiolegalenapolitano.com\\\/#website\"},\"datePublished\":\"2015-10-01T16:19:30+00:00\",\"dateModified\":\"2015-11-04T10:11:19+00:00\",\"breadcrumb\":{\"@id\":\"https:\\\/\\\/www.studiolegalenapolitano.com\\\/attivita\\\/litigation-arbitration\\\/#breadcrumb\"},\"inLanguage\":\"fr-FR\",\"potentialAction\":[{\"@type\":\"ReadAction\",\"target\":[\"https:\\\/\\\/www.studiolegalenapolitano.com\\\/attivita\\\/litigation-arbitration\\\/\"]}]},{\"@type\":\"BreadcrumbList\",\"@id\":\"https:\\\/\\\/www.studiolegalenapolitano.com\\\/attivita\\\/litigation-arbitration\\\/#breadcrumb\",\"itemListElement\":[{\"@type\":\"ListItem\",\"position\":1,\"name\":\"Home\",\"item\":\"https:\\\/\\\/www.studiolegalenapolitano.com\\\/\"},{\"@type\":\"ListItem\",\"position\":2,\"name\":\"Aree di Attivit\u00e0\",\"item\":\"https:\\\/\\\/www.studiolegalenapolitano.com\\\/attivita\\\/\"},{\"@type\":\"ListItem\",\"position\":3,\"name\":\"Contenzioso e Arbitrati\"}]},{\"@type\":\"WebSite\",\"@id\":\"https:\\\/\\\/www.studiolegalenapolitano.com\\\/#website\",\"url\":\"https:\\\/\\\/www.studiolegalenapolitano.com\\\/\",\"name\":\"Studio Legale Napolitano\",\"description\":\"Studio Legale\",\"potentialAction\":[{\"@type\":\"SearchAction\",\"target\":{\"@type\":\"EntryPoint\",\"urlTemplate\":\"https:\\\/\\\/www.studiolegalenapolitano.com\\\/?s={search_term_string}\"},\"query-input\":{\"@type\":\"PropertyValueSpecification\",\"valueRequired\":true,\"valueName\":\"search_term_string\"}}],\"inLanguage\":\"fr-FR\"}]}<\/script>\n<!-- \/ Yoast SEO plugin. -->","yoast_head_json":{"title":"Contentieux et Arbitrage - Studio Legale Napolitano","robots":{"index":"index","follow":"follow","max-snippet":"max-snippet:-1","max-image-preview":"max-image-preview:large","max-video-preview":"max-video-preview:-1"},"canonical":"https:\/\/www.studiolegalenapolitano.com\/attivita\/litigation-arbitration\/","og_locale":"fr_FR","og_type":"article","og_title":"Contentieux et Arbitrage - Studio Legale Napolitano","og_description":"Studio Legale Napolitano assume la d\u00e9fense de ses assist\u00e9s devant les tribunaux, dans toutes les juridictions ordinaires ou sp\u00e9ciales, devant la magistrature civile, p\u00e9nale, administrative, fiscale comme pour toute proc\u00e9dure devant les autorit\u00e9s administratives ind\u00e9pendantes. L&rsquo;assistance porte notamment sur la phase du pr\u00e9 contentieux dans le but de pr\u00e9venir ou de relativiser les possibles controverses,...","og_url":"https:\/\/www.studiolegalenapolitano.com\/attivita\/litigation-arbitration\/","og_site_name":"Studio Legale Napolitano","article_modified_time":"2015-11-04T10:11:19+00:00","twitter_card":"summary_large_image","twitter_misc":{"Dur\u00e9e de lecture estim\u00e9e":"3 minutes"},"schema":{"@context":"https:\/\/schema.org","@graph":[{"@type":"WebPage","@id":"https:\/\/www.studiolegalenapolitano.com\/attivita\/litigation-arbitration\/","url":"https:\/\/www.studiolegalenapolitano.com\/attivita\/litigation-arbitration\/","name":"Contentieux et Arbitrage - Studio Legale Napolitano","isPartOf":{"@id":"https:\/\/www.studiolegalenapolitano.com\/#website"},"datePublished":"2015-10-01T16:19:30+00:00","dateModified":"2015-11-04T10:11:19+00:00","breadcrumb":{"@id":"https:\/\/www.studiolegalenapolitano.com\/attivita\/litigation-arbitration\/#breadcrumb"},"inLanguage":"fr-FR","potentialAction":[{"@type":"ReadAction","target":["https:\/\/www.studiolegalenapolitano.com\/attivita\/litigation-arbitration\/"]}]},{"@type":"BreadcrumbList","@id":"https:\/\/www.studiolegalenapolitano.com\/attivita\/litigation-arbitration\/#breadcrumb","itemListElement":[{"@type":"ListItem","position":1,"name":"Home","item":"https:\/\/www.studiolegalenapolitano.com\/"},{"@type":"ListItem","position":2,"name":"Aree di Attivit\u00e0","item":"https:\/\/www.studiolegalenapolitano.com\/attivita\/"},{"@type":"ListItem","position":3,"name":"Contenzioso e Arbitrati"}]},{"@type":"WebSite","@id":"https:\/\/www.studiolegalenapolitano.com\/#website","url":"https:\/\/www.studiolegalenapolitano.com\/","name":"Studio Legale Napolitano","description":"Studio Legale","potentialAction":[{"@type":"SearchAction","target":{"@type":"EntryPoint","urlTemplate":"https:\/\/www.studiolegalenapolitano.com\/?s={search_term_string}"},"query-input":{"@type":"PropertyValueSpecification","valueRequired":true,"valueName":"search_term_string"}}],"inLanguage":"fr-FR"}]}},"_links":{"self":[{"href":"https:\/\/www.studiolegalenapolitano.com\/fr\/wp-json\/wp\/v2\/pages\/132","targetHints":{"allow":["GET"]}}],"collection":[{"href":"https:\/\/www.studiolegalenapolitano.com\/fr\/wp-json\/wp\/v2\/pages"}],"about":[{"href":"https:\/\/www.studiolegalenapolitano.com\/fr\/wp-json\/wp\/v2\/types\/page"}],"author":[{"embeddable":true,"href":"https:\/\/www.studiolegalenapolitano.com\/fr\/wp-json\/wp\/v2\/users\/6"}],"replies":[{"embeddable":true,"href":"https:\/\/www.studiolegalenapolitano.com\/fr\/wp-json\/wp\/v2\/comments?post=132"}],"version-history":[{"count":0,"href":"https:\/\/www.studiolegalenapolitano.com\/fr\/wp-json\/wp\/v2\/pages\/132\/revisions"}],"up":[{"embeddable":true,"href":"https:\/\/www.studiolegalenapolitano.com\/fr\/wp-json\/wp\/v2\/pages\/43"}],"wp:attachment":[{"href":"https:\/\/www.studiolegalenapolitano.com\/fr\/wp-json\/wp\/v2\/media?parent=132"}],"curies":[{"name":"wp","href":"https:\/\/api.w.org\/{rel}","templated":true}]}}