{"id":129,"date":"2015-10-01T16:16:13","date_gmt":"2015-10-01T16:16:13","guid":{"rendered":"http:\/\/www.studiolegalenapolitano.com\/?page_id=129"},"modified":"2015-11-04T10:08:45","modified_gmt":"2015-11-04T10:08:45","slug":"banking","status":"publish","type":"page","link":"https:\/\/www.studiolegalenapolitano.com\/fr\/attivita\/banking\/","title":{"rendered":"Droit Bancaire"},"content":{"rendered":"<p><\/p>\n<p style=\"text-align: justify;\">Les membres de Studio Legale Napolitano ont une importante expertise en mati\u00e8re de consultation au b\u00e9n\u00e9fice des banques, compagnies d&rsquo;assurance et autre sujets op\u00e9rants dans le secteur de l&rsquo;interm\u00e9diation immobili\u00e8re.<\/p>\n<p style=\"text-align: justify;\">De ce fait, le cabinet pr\u00eate conseil en mati\u00e8re de\u00a0:<\/p>\n<ul>\n<li style=\"text-align: justify;\">contrats bancaires et corporatifs;<\/li>\n<li style=\"text-align: justify;\">contrats bancaires et de soci\u00e9t\u00e9s;<\/li>\n<li style=\"text-align: justify;\">contrats bancaires et finance internationale;<\/li>\n<li style=\"text-align: justify;\">compliance normative pour les interm\u00e9diaires financiers;<\/li>\n<li style=\"text-align: justify;\">contr\u00f4les internes et proc\u00e9dures de gestion des risques pour les interm\u00e9diaires financiers;<\/li>\n<li style=\"text-align: justify;\">r\u00e9daction de politiques er proc\u00e9dures relatives \u00e0 la mise en oeuvre d&rsquo;activit\u00e9s bancaires et financi\u00e8res;<\/li>\n<li style=\"text-align: justify;\">\u00e9laboration et gestion, y compris par outsourcing, des mesures anti recyclage et contr\u00f4le financier du terrorisme par interm\u00e9diaires financiers soit nationaux qu&rsquo;\u00e9trangers, ainsi que d&rsquo;entreprises du secteur public;<\/li>\n<li style=\"text-align: justify;\">contentieux avec les autorit\u00e9s de contr\u00f4le du secteur financier;<\/li>\n<li style=\"text-align: justify;\">gestion des rapports des organes internes de gestion des entreprises op\u00e9rant dans le secteur financier avec les autorit\u00e9s comp\u00e9tentes dans le secteur;<\/li>\n<li style=\"text-align: justify;\">restructuration des dettes pour les entreprise en crise, r\u00e9-d\u00e9termination des besoins financiers et gestion de la tr\u00e9sorerie de l&rsquo;entreprise.<\/li>\n<\/ul>\n<p><\/p>","protected":false},"excerpt":{"rendered":"<p>Les membres de Studio Legale Napolitano ont une importante expertise en mati\u00e8re de consultation au b\u00e9n\u00e9fice des banques, compagnies d&rsquo;assurance et autre sujets op\u00e9rants dans le secteur de l&rsquo;interm\u00e9diation immobili\u00e8re. De ce fait, le cabinet pr\u00eate conseil en mati\u00e8re de\u00a0: contrats bancaires et corporatifs; contrats bancaires et de soci\u00e9t\u00e9s; contrats bancaires et finance internationale; compliance&#8230;<\/p>\n","protected":false},"author":6,"featured_media":0,"parent":43,"menu_order":0,"comment_status":"closed","ping_status":"closed","template":"","meta":{"footnotes":""},"class_list":["post-129","page","type-page","status-publish","hentry"],"yoast_head":"<!-- This site is optimized with the Yoast SEO plugin v27.5 - https:\/\/yoast.com\/product\/yoast-seo-wordpress\/ -->\n<title>Droit Bancaire - Studio Legale Napolitano<\/title>\n<meta name=\"description\" content=\"I professionisti dello Studio Legale Napolitano di Roma hanno una significativa expertise in materia di consulenza a banche, assicurazioni e altri soggetti operanti nel settore dell\u2019intermediazione mobiliare.\" \/>\n<meta name=\"robots\" content=\"index, follow, max-snippet:-1, max-image-preview:large, max-video-preview:-1\" \/>\n<link rel=\"canonical\" href=\"https:\/\/www.studiolegalenapolitano.com\/attivita\/banking\/\" \/>\n<meta property=\"og:locale\" content=\"fr_FR\" \/>\n<meta property=\"og:type\" content=\"article\" \/>\n<meta property=\"og:title\" content=\"Droit Bancaire - Studio Legale Napolitano\" \/>\n<meta property=\"og:description\" content=\"I professionisti dello Studio Legale Napolitano di Roma hanno una significativa expertise in materia di consulenza a banche, assicurazioni e altri soggetti operanti nel settore dell\u2019intermediazione mobiliare.\" \/>\n<meta property=\"og:url\" content=\"https:\/\/www.studiolegalenapolitano.com\/attivita\/banking\/\" \/>\n<meta property=\"og:site_name\" content=\"Studio Legale Napolitano\" \/>\n<meta property=\"article:modified_time\" content=\"2015-11-04T10:08:45+00:00\" \/>\n<meta name=\"twitter:card\" content=\"summary_large_image\" \/>\n<meta name=\"twitter:label1\" content=\"Dur\u00e9e de lecture estim\u00e9e\" \/>\n\t<meta name=\"twitter:data1\" content=\"2 minutes\" \/>\n<script type=\"application\/ld+json\" class=\"yoast-schema-graph\">{\"@context\":\"https:\\\/\\\/schema.org\",\"@graph\":[{\"@type\":\"WebPage\",\"@id\":\"https:\\\/\\\/www.studiolegalenapolitano.com\\\/attivita\\\/banking\\\/\",\"url\":\"https:\\\/\\\/www.studiolegalenapolitano.com\\\/attivita\\\/banking\\\/\",\"name\":\"Droit Bancaire - Studio Legale Napolitano\",\"isPartOf\":{\"@id\":\"https:\\\/\\\/www.studiolegalenapolitano.com\\\/#website\"},\"datePublished\":\"2015-10-01T16:16:13+00:00\",\"dateModified\":\"2015-11-04T10:08:45+00:00\",\"description\":\"I professionisti dello Studio Legale Napolitano di Roma hanno una significativa expertise in materia di consulenza a banche, assicurazioni e altri soggetti operanti nel settore dell\u2019intermediazione mobiliare.\",\"breadcrumb\":{\"@id\":\"https:\\\/\\\/www.studiolegalenapolitano.com\\\/attivita\\\/banking\\\/#breadcrumb\"},\"inLanguage\":\"fr-FR\",\"potentialAction\":[{\"@type\":\"ReadAction\",\"target\":[\"https:\\\/\\\/www.studiolegalenapolitano.com\\\/attivita\\\/banking\\\/\"]}]},{\"@type\":\"BreadcrumbList\",\"@id\":\"https:\\\/\\\/www.studiolegalenapolitano.com\\\/attivita\\\/banking\\\/#breadcrumb\",\"itemListElement\":[{\"@type\":\"ListItem\",\"position\":1,\"name\":\"Home\",\"item\":\"https:\\\/\\\/www.studiolegalenapolitano.com\\\/\"},{\"@type\":\"ListItem\",\"position\":2,\"name\":\"Aree di Attivit\u00e0\",\"item\":\"https:\\\/\\\/www.studiolegalenapolitano.com\\\/attivita\\\/\"},{\"@type\":\"ListItem\",\"position\":3,\"name\":\"Diritto Bancario\"}]},{\"@type\":\"WebSite\",\"@id\":\"https:\\\/\\\/www.studiolegalenapolitano.com\\\/#website\",\"url\":\"https:\\\/\\\/www.studiolegalenapolitano.com\\\/\",\"name\":\"Studio Legale Napolitano\",\"description\":\"Studio Legale\",\"potentialAction\":[{\"@type\":\"SearchAction\",\"target\":{\"@type\":\"EntryPoint\",\"urlTemplate\":\"https:\\\/\\\/www.studiolegalenapolitano.com\\\/?s={search_term_string}\"},\"query-input\":{\"@type\":\"PropertyValueSpecification\",\"valueRequired\":true,\"valueName\":\"search_term_string\"}}],\"inLanguage\":\"fr-FR\"}]}<\/script>\n<!-- \/ Yoast SEO plugin. -->","yoast_head_json":{"title":"Droit Bancaire - Studio Legale Napolitano","description":"I professionisti dello Studio Legale Napolitano di Roma hanno una significativa expertise in materia di consulenza a banche, assicurazioni e altri soggetti operanti nel settore dell\u2019intermediazione mobiliare.","robots":{"index":"index","follow":"follow","max-snippet":"max-snippet:-1","max-image-preview":"max-image-preview:large","max-video-preview":"max-video-preview:-1"},"canonical":"https:\/\/www.studiolegalenapolitano.com\/attivita\/banking\/","og_locale":"fr_FR","og_type":"article","og_title":"Droit Bancaire - Studio Legale Napolitano","og_description":"I professionisti dello Studio Legale Napolitano di Roma hanno una significativa expertise in materia di consulenza a banche, assicurazioni e altri soggetti operanti nel settore dell\u2019intermediazione mobiliare.","og_url":"https:\/\/www.studiolegalenapolitano.com\/attivita\/banking\/","og_site_name":"Studio Legale Napolitano","article_modified_time":"2015-11-04T10:08:45+00:00","twitter_card":"summary_large_image","twitter_misc":{"Dur\u00e9e de lecture estim\u00e9e":"2 minutes"},"schema":{"@context":"https:\/\/schema.org","@graph":[{"@type":"WebPage","@id":"https:\/\/www.studiolegalenapolitano.com\/attivita\/banking\/","url":"https:\/\/www.studiolegalenapolitano.com\/attivita\/banking\/","name":"Droit Bancaire - Studio Legale Napolitano","isPartOf":{"@id":"https:\/\/www.studiolegalenapolitano.com\/#website"},"datePublished":"2015-10-01T16:16:13+00:00","dateModified":"2015-11-04T10:08:45+00:00","description":"I professionisti dello Studio Legale Napolitano di Roma hanno una significativa expertise in materia di consulenza a banche, assicurazioni e altri soggetti operanti nel settore dell\u2019intermediazione mobiliare.","breadcrumb":{"@id":"https:\/\/www.studiolegalenapolitano.com\/attivita\/banking\/#breadcrumb"},"inLanguage":"fr-FR","potentialAction":[{"@type":"ReadAction","target":["https:\/\/www.studiolegalenapolitano.com\/attivita\/banking\/"]}]},{"@type":"BreadcrumbList","@id":"https:\/\/www.studiolegalenapolitano.com\/attivita\/banking\/#breadcrumb","itemListElement":[{"@type":"ListItem","position":1,"name":"Home","item":"https:\/\/www.studiolegalenapolitano.com\/"},{"@type":"ListItem","position":2,"name":"Aree di Attivit\u00e0","item":"https:\/\/www.studiolegalenapolitano.com\/attivita\/"},{"@type":"ListItem","position":3,"name":"Diritto Bancario"}]},{"@type":"WebSite","@id":"https:\/\/www.studiolegalenapolitano.com\/#website","url":"https:\/\/www.studiolegalenapolitano.com\/","name":"Studio Legale Napolitano","description":"Studio Legale","potentialAction":[{"@type":"SearchAction","target":{"@type":"EntryPoint","urlTemplate":"https:\/\/www.studiolegalenapolitano.com\/?s={search_term_string}"},"query-input":{"@type":"PropertyValueSpecification","valueRequired":true,"valueName":"search_term_string"}}],"inLanguage":"fr-FR"}]}},"_links":{"self":[{"href":"https:\/\/www.studiolegalenapolitano.com\/fr\/wp-json\/wp\/v2\/pages\/129","targetHints":{"allow":["GET"]}}],"collection":[{"href":"https:\/\/www.studiolegalenapolitano.com\/fr\/wp-json\/wp\/v2\/pages"}],"about":[{"href":"https:\/\/www.studiolegalenapolitano.com\/fr\/wp-json\/wp\/v2\/types\/page"}],"author":[{"embeddable":true,"href":"https:\/\/www.studiolegalenapolitano.com\/fr\/wp-json\/wp\/v2\/users\/6"}],"replies":[{"embeddable":true,"href":"https:\/\/www.studiolegalenapolitano.com\/fr\/wp-json\/wp\/v2\/comments?post=129"}],"version-history":[{"count":0,"href":"https:\/\/www.studiolegalenapolitano.com\/fr\/wp-json\/wp\/v2\/pages\/129\/revisions"}],"up":[{"embeddable":true,"href":"https:\/\/www.studiolegalenapolitano.com\/fr\/wp-json\/wp\/v2\/pages\/43"}],"wp:attachment":[{"href":"https:\/\/www.studiolegalenapolitano.com\/fr\/wp-json\/wp\/v2\/media?parent=129"}],"curies":[{"name":"wp","href":"https:\/\/api.w.org\/{rel}","templated":true}]}}