{"id":127,"date":"2015-10-01T16:12:57","date_gmt":"2015-10-01T16:12:57","guid":{"rendered":"http:\/\/www.studiolegalenapolitano.com\/?page_id=127"},"modified":"2016-04-18T15:27:29","modified_gmt":"2016-04-18T15:27:29","slug":"global-business-development","status":"publish","type":"page","link":"https:\/\/www.studiolegalenapolitano.com\/fr\/attivita\/global-business-development\/","title":{"rendered":"Internationalisation des Entreprises"},"content":{"rendered":"<p>Studio Legale Napolitano a acquis un renom particulier dans l&rsquo;internationalisation des entreprises de grande et moyenne dimensions, actives dans les divers secteurs de l&rsquo;\u00e9conomie, avec un attention soutenue pour les march\u00e9s de pays \u00e9mergents.<\/p>\n<p>Les professionnels du cabinet assistent et conseillent sur touts les \u00e9l\u00e9ments de l&rsquo;investissement \u00e0 l&rsquo;\u00e9tranger (par acquisition d&rsquo;entreprises locales et par joint-ventures avec des partenaires locaux) et, de fa\u00e7on plus g\u00e9n\u00e9rale, en relation \u00e0 des projets d&rsquo;expansion commerciale dans diverses zones g\u00e9ographiques, avec une exp\u00e9rience tr\u00e8s pointue dans des pays tels que la Turquie, Bahre\u00efn, le Qatar, l&rsquo;Oman, la Tunisie, l&rsquo;Alg\u00e9rie, le Ghana, le Mozambique et le Kenya.<\/p>\n<p>L&rsquo;activit\u00e9 de consultation porte sur les diverses phases de l&rsquo;investissement et en particulier sur\u00a0:<\/p>\n<ul>\n<li>les analyses de l&rsquo;investissement et l&rsquo;assistance \u00e0 l&rsquo;entreprise dans l\u2019obtention, lorsque de besoin, des permis\/autorisations\/licences requis\u00a0;<\/li>\n<li>l&rsquo;identification et la s\u00e9lection de partenaires strat\u00e9giques\u00a0;<\/li>\n<li>la constitution de soci\u00e9t\u00e9s, branches ou bureaux de repr\u00e9sentation\u00a0;<br \/>\nla constitution et la gestion de r\u00e9seaux d&rsquo;entreprises\u00a0;<\/li>\n<li>le conseil fiscal international et pour les douanes\u00a0;<\/li>\n<li>les op\u00e9rations extraordinaires, joint-ventures, fusions et acquisitions\u00a0;<\/li>\n<li>la recherche de sources de financement\u00a0;<\/li>\n<li>la r\u00e9daction et la n\u00e9gociation de contrats de distribution, d&rsquo;agence, de fourniture et plus g\u00e9n\u00e9ralement de tous les aspects contractuels relatifs au d\u00e9veloppement d&rsquo;une strat\u00e9gie commerciale en expansion, et en particulier \u00e0 la finalisation de projets pour la r\u00e9alisation d&rsquo;importants ouvrages d&rsquo;infrastructures, BTP, sur la base de projets de financement.<\/li>\n<\/ul>\n<p><\/p>","protected":false},"excerpt":{"rendered":"<p>Studio Legale Napolitano a acquis un renom particulier dans l&rsquo;internationalisation des entreprises de grande et moyenne dimensions, actives dans les divers secteurs de l&rsquo;\u00e9conomie, avec un attention soutenue pour les march\u00e9s de pays \u00e9mergents. Les professionnels du cabinet assistent et conseillent sur touts les \u00e9l\u00e9ments de l&rsquo;investissement \u00e0 l&rsquo;\u00e9tranger (par acquisition d&rsquo;entreprises locales et par&#8230;<\/p>\n","protected":false},"author":6,"featured_media":0,"parent":43,"menu_order":0,"comment_status":"closed","ping_status":"closed","template":"","meta":{"footnotes":""},"class_list":["post-127","page","type-page","status-publish","hentry"],"yoast_head":"<!-- This site is optimized with the Yoast SEO plugin v27.5 - https:\/\/yoast.com\/product\/yoast-seo-wordpress\/ -->\n<title>Internationalisation des Entreprises - Studio Legale Napolitano<\/title>\n<meta name=\"description\" content=\"Lo Studio Legale Napolitano di Roma \u00e8 attivo nel settore dell\u2019internazionalizzazione di imprese di grandi e medie dimensioni, attive nei diversi settori dell\u2019economia, con particolare attenzione ai mercati dei paesi emergenti.\" \/>\n<meta name=\"robots\" content=\"index, follow, max-snippet:-1, max-image-preview:large, max-video-preview:-1\" \/>\n<link rel=\"canonical\" href=\"https:\/\/www.studiolegalenapolitano.com\/attivita\/global-business-development\/\" \/>\n<meta property=\"og:locale\" content=\"fr_FR\" \/>\n<meta property=\"og:type\" content=\"article\" \/>\n<meta property=\"og:title\" content=\"Internationalisation des Entreprises - Studio Legale Napolitano\" \/>\n<meta property=\"og:description\" content=\"Lo Studio Legale Napolitano di Roma \u00e8 attivo nel settore dell\u2019internazionalizzazione di imprese di grandi e medie dimensioni, attive nei diversi settori dell\u2019economia, con particolare attenzione ai mercati dei paesi emergenti.\" \/>\n<meta property=\"og:url\" content=\"https:\/\/www.studiolegalenapolitano.com\/attivita\/global-business-development\/\" \/>\n<meta property=\"og:site_name\" content=\"Studio Legale Napolitano\" \/>\n<meta property=\"article:modified_time\" content=\"2016-04-18T15:27:29+00:00\" \/>\n<meta name=\"twitter:card\" content=\"summary_large_image\" \/>\n<meta name=\"twitter:label1\" content=\"Dur\u00e9e de lecture estim\u00e9e\" \/>\n\t<meta name=\"twitter:data1\" content=\"3 minutes\" \/>\n<script type=\"application\/ld+json\" class=\"yoast-schema-graph\">{\"@context\":\"https:\\\/\\\/schema.org\",\"@graph\":[{\"@type\":\"WebPage\",\"@id\":\"https:\\\/\\\/www.studiolegalenapolitano.com\\\/attivita\\\/global-business-development\\\/\",\"url\":\"https:\\\/\\\/www.studiolegalenapolitano.com\\\/attivita\\\/global-business-development\\\/\",\"name\":\"Internationalisation des Entreprises - Studio Legale Napolitano\",\"isPartOf\":{\"@id\":\"https:\\\/\\\/www.studiolegalenapolitano.com\\\/#website\"},\"datePublished\":\"2015-10-01T16:12:57+00:00\",\"dateModified\":\"2016-04-18T15:27:29+00:00\",\"description\":\"Lo Studio Legale Napolitano di Roma \u00e8 attivo nel settore dell\u2019internazionalizzazione di imprese di grandi e medie dimensioni, attive nei diversi settori dell\u2019economia, con particolare attenzione ai mercati dei paesi emergenti.\",\"breadcrumb\":{\"@id\":\"https:\\\/\\\/www.studiolegalenapolitano.com\\\/attivita\\\/global-business-development\\\/#breadcrumb\"},\"inLanguage\":\"fr-FR\",\"potentialAction\":[{\"@type\":\"ReadAction\",\"target\":[\"https:\\\/\\\/www.studiolegalenapolitano.com\\\/attivita\\\/global-business-development\\\/\"]}]},{\"@type\":\"BreadcrumbList\",\"@id\":\"https:\\\/\\\/www.studiolegalenapolitano.com\\\/attivita\\\/global-business-development\\\/#breadcrumb\",\"itemListElement\":[{\"@type\":\"ListItem\",\"position\":1,\"name\":\"Home\",\"item\":\"https:\\\/\\\/www.studiolegalenapolitano.com\\\/\"},{\"@type\":\"ListItem\",\"position\":2,\"name\":\"Aree di Attivit\u00e0\",\"item\":\"https:\\\/\\\/www.studiolegalenapolitano.com\\\/attivita\\\/\"},{\"@type\":\"ListItem\",\"position\":3,\"name\":\"Internazionalizzazione di Imprese\"}]},{\"@type\":\"WebSite\",\"@id\":\"https:\\\/\\\/www.studiolegalenapolitano.com\\\/#website\",\"url\":\"https:\\\/\\\/www.studiolegalenapolitano.com\\\/\",\"name\":\"Studio Legale Napolitano\",\"description\":\"Studio Legale\",\"potentialAction\":[{\"@type\":\"SearchAction\",\"target\":{\"@type\":\"EntryPoint\",\"urlTemplate\":\"https:\\\/\\\/www.studiolegalenapolitano.com\\\/?s={search_term_string}\"},\"query-input\":{\"@type\":\"PropertyValueSpecification\",\"valueRequired\":true,\"valueName\":\"search_term_string\"}}],\"inLanguage\":\"fr-FR\"}]}<\/script>\n<!-- \/ Yoast SEO plugin. -->","yoast_head_json":{"title":"Internationalisation des Entreprises - Studio Legale Napolitano","description":"Lo Studio Legale Napolitano di Roma \u00e8 attivo nel settore dell\u2019internazionalizzazione di imprese di grandi e medie dimensioni, attive nei diversi settori dell\u2019economia, con particolare attenzione ai mercati dei paesi emergenti.","robots":{"index":"index","follow":"follow","max-snippet":"max-snippet:-1","max-image-preview":"max-image-preview:large","max-video-preview":"max-video-preview:-1"},"canonical":"https:\/\/www.studiolegalenapolitano.com\/attivita\/global-business-development\/","og_locale":"fr_FR","og_type":"article","og_title":"Internationalisation des Entreprises - Studio Legale Napolitano","og_description":"Lo Studio Legale Napolitano di Roma \u00e8 attivo nel settore dell\u2019internazionalizzazione di imprese di grandi e medie dimensioni, attive nei diversi settori dell\u2019economia, con particolare attenzione ai mercati dei paesi emergenti.","og_url":"https:\/\/www.studiolegalenapolitano.com\/attivita\/global-business-development\/","og_site_name":"Studio Legale Napolitano","article_modified_time":"2016-04-18T15:27:29+00:00","twitter_card":"summary_large_image","twitter_misc":{"Dur\u00e9e de lecture estim\u00e9e":"3 minutes"},"schema":{"@context":"https:\/\/schema.org","@graph":[{"@type":"WebPage","@id":"https:\/\/www.studiolegalenapolitano.com\/attivita\/global-business-development\/","url":"https:\/\/www.studiolegalenapolitano.com\/attivita\/global-business-development\/","name":"Internationalisation des Entreprises - Studio Legale Napolitano","isPartOf":{"@id":"https:\/\/www.studiolegalenapolitano.com\/#website"},"datePublished":"2015-10-01T16:12:57+00:00","dateModified":"2016-04-18T15:27:29+00:00","description":"Lo Studio Legale Napolitano di Roma \u00e8 attivo nel settore dell\u2019internazionalizzazione di imprese di grandi e medie dimensioni, attive nei diversi settori dell\u2019economia, con particolare attenzione ai mercati dei paesi emergenti.","breadcrumb":{"@id":"https:\/\/www.studiolegalenapolitano.com\/attivita\/global-business-development\/#breadcrumb"},"inLanguage":"fr-FR","potentialAction":[{"@type":"ReadAction","target":["https:\/\/www.studiolegalenapolitano.com\/attivita\/global-business-development\/"]}]},{"@type":"BreadcrumbList","@id":"https:\/\/www.studiolegalenapolitano.com\/attivita\/global-business-development\/#breadcrumb","itemListElement":[{"@type":"ListItem","position":1,"name":"Home","item":"https:\/\/www.studiolegalenapolitano.com\/"},{"@type":"ListItem","position":2,"name":"Aree di Attivit\u00e0","item":"https:\/\/www.studiolegalenapolitano.com\/attivita\/"},{"@type":"ListItem","position":3,"name":"Internazionalizzazione di Imprese"}]},{"@type":"WebSite","@id":"https:\/\/www.studiolegalenapolitano.com\/#website","url":"https:\/\/www.studiolegalenapolitano.com\/","name":"Studio Legale Napolitano","description":"Studio Legale","potentialAction":[{"@type":"SearchAction","target":{"@type":"EntryPoint","urlTemplate":"https:\/\/www.studiolegalenapolitano.com\/?s={search_term_string}"},"query-input":{"@type":"PropertyValueSpecification","valueRequired":true,"valueName":"search_term_string"}}],"inLanguage":"fr-FR"}]}},"_links":{"self":[{"href":"https:\/\/www.studiolegalenapolitano.com\/fr\/wp-json\/wp\/v2\/pages\/127","targetHints":{"allow":["GET"]}}],"collection":[{"href":"https:\/\/www.studiolegalenapolitano.com\/fr\/wp-json\/wp\/v2\/pages"}],"about":[{"href":"https:\/\/www.studiolegalenapolitano.com\/fr\/wp-json\/wp\/v2\/types\/page"}],"author":[{"embeddable":true,"href":"https:\/\/www.studiolegalenapolitano.com\/fr\/wp-json\/wp\/v2\/users\/6"}],"replies":[{"embeddable":true,"href":"https:\/\/www.studiolegalenapolitano.com\/fr\/wp-json\/wp\/v2\/comments?post=127"}],"version-history":[{"count":3,"href":"https:\/\/www.studiolegalenapolitano.com\/fr\/wp-json\/wp\/v2\/pages\/127\/revisions"}],"predecessor-version":[{"id":492,"href":"https:\/\/www.studiolegalenapolitano.com\/fr\/wp-json\/wp\/v2\/pages\/127\/revisions\/492"}],"up":[{"embeddable":true,"href":"https:\/\/www.studiolegalenapolitano.com\/fr\/wp-json\/wp\/v2\/pages\/43"}],"wp:attachment":[{"href":"https:\/\/www.studiolegalenapolitano.com\/fr\/wp-json\/wp\/v2\/media?parent=127"}],"curies":[{"name":"wp","href":"https:\/\/api.w.org\/{rel}","templated":true}]}}