{"id":43,"date":"2015-09-07T14:59:22","date_gmt":"2015-09-07T14:59:22","guid":{"rendered":"http:\/\/www.studiolegalenapolitano.com\/?page_id=43"},"modified":"2015-11-04T10:04:25","modified_gmt":"2015-11-04T10:04:25","slug":"attivita","status":"publish","type":"page","link":"https:\/\/www.studiolegalenapolitano.com\/es\/attivita\/","title":{"rendered":"Aree di Attivit\u00e0"},"content":{"rendered":"<p class=\"qtranxs-available-languages-message qtranxs-available-languages-message-es\">Disculpa, pero esta entrada est\u00e1 disponible s\u00f3lo en <a href=\"https:\/\/www.studiolegalenapolitano.com\/it\/wp-json\/wp\/v2\/pages\/43\" class=\"qtranxs-available-language-link qtranxs-available-language-link-it\" title=\"Italiano\">Italiano<\/a>, <a href=\"https:\/\/www.studiolegalenapolitano.com\/fr\/wp-json\/wp\/v2\/pages\/43\" class=\"qtranxs-available-language-link qtranxs-available-language-link-fr\" title=\"Fran\u00e7ais\">Fran\u00e7ais<\/a> y <a href=\"https:\/\/www.studiolegalenapolitano.com\/en\/wp-json\/wp\/v2\/pages\/43\" class=\"qtranxs-available-language-link qtranxs-available-language-link-en\" title=\"English\">English<\/a>. For the sake of viewer convenience, the content is shown below in this site default language. You may click one of the links to switch the site language to another available language.<\/p><p><\/p>\n<p style=\"text-align: justify;\">Lo <strong>Studio Legale Napolitano<\/strong>\u00a0di Roma fornisce assistenza, giudiziale e stragiudiziale, in aree di attivit\u00e0 complesse ed in continua evoluzione: dalle questioni societarie all\u2019assistenza nei processi di internazionalizzazione delle imprese, dal diritto penale dell\u2019economia alle problematiche relative alla responsabilit\u00e0 amministrativa degli enti ai sensi del D.Lgs. 231\/2001.<\/p>\n<p style=\"text-align: justify;\">In queste aree, grazie alla sistematica attivit\u00e0 di analisi, ricerca, aggiornamento e formazione, i nostri professionisti sono in grado di fornire soluzioni rigorose, costruite sempre a misura del Cliente.<\/p>\n<p style=\"text-align: justify;\">Lo Studio Legale Napolitano pu\u00f2 contare su un network di eccellenti professionisti, avvocati, ma anche aziendalisti ed esperti contabili, per gestire al meglio tematiche quali Compliance, Risk Management, Internal Audit, Corporate Social Responsibility. In particolare, lo Studio offre consulenza nell&#8217; IT Audit &#8211; analisi e verifica delle risorse IT aziendali con l\u2019obiettivo di misurare il grado di controllo esistente, rilevando le potenziali criticit\u00e0 o aree di rischio e proponendo, se necessario, le misure o best-practices per il ripristino del livello desiderato; come pure nell&#8217;IT Transformation \u2013 supporto ai clienti nella scelta di soluzioni dell\u2019area IT per favorire la riorganizzazione di processi (mobile, big data, business intelligence, cloud, Information Risk Managemnt, ERP).<\/p>\n<p style=\"text-align: justify;\">Lo Studio presta anche Assistenza Tecnica Fondi Strutturali alle Amministrazioni Pubbliche per il governo della spesa e dell\u2019utilizzo di Fondi Strutturali (Valutazioni e fattibilit\u00e0, Assistenza tecnica, Controlli).<\/p>\n<p style=\"text-align: justify;\">Nello specifico lo Studio copre le seguenti aree di attivit\u00e0:<\/p>\n<ul>\n<li style=\"text-align: justify;\"><a href=\"http:\/\/www.studiolegalenapolitano.com\/attivita\/diritto-societario\/\">Diritto societario<\/a><\/li>\n<li style=\"text-align: justify;\"><a href=\"http:\/\/www.studiolegalenapolitano.com\/attivita\/diritto-penale\/\">Diritto penale<\/a><\/li>\n<li style=\"text-align: justify;\"><a href=\"http:\/\/www.studiolegalenapolitano.com\/attivita\/internazionalizzazione-di-imprese\/\">Internazionalizzazione di impres<\/a>e<\/li>\n<li style=\"text-align: justify;\"><a href=\"http:\/\/www.studiolegalenapolitano.com\/attivita\/redazione-modelli-231\/\">Modelli 231<\/a><\/li>\n<li style=\"text-align: justify;\"><a href=\"http:\/\/www.studiolegalenapolitano.com\/attivita\/diritto-bancario\/\">Diritto bancario<\/a><\/li>\n<li style=\"text-align: justify;\"><a href=\"http:\/\/www.studiolegalenapolitano.com\/attivita\/antiriciclaggio\/\">Antiriciclaggio<\/a><\/li>\n<li style=\"text-align: justify;\"><a href=\"http:\/\/www.studiolegalenapolitano.com\/attivita\/diritto-amministrativo\/\">Diritto amministrativo<\/a><\/li>\n<li style=\"text-align: justify;\"><a href=\"http:\/\/www.studiolegalenapolitano.com\/attivita\/contenzioso-e-arbitrati\/\">Contenzioso e arbitrati<\/a><\/li>\n<\/ul>\n<p><\/p>","protected":false},"excerpt":{"rendered":"<p>Disculpa, pero esta entrada est\u00e1 disponible s\u00f3lo en Italiano, Fran\u00e7ais y English. For the sake of viewer convenience, the content is shown below in this site default language. You may click one of the links to switch the site language to another available language. Lo Studio Legale Napolitano\u00a0di Roma fornisce assistenza, giudiziale e stragiudiziale, in&#8230;<\/p>\n","protected":false},"author":6,"featured_media":0,"parent":0,"menu_order":0,"comment_status":"closed","ping_status":"closed","template":"","meta":{"footnotes":""},"class_list":["post-43","page","type-page","status-publish","hentry"],"yoast_head":"<!-- This site is optimized with the Yoast SEO plugin v27.5 - https:\/\/yoast.com\/product\/yoast-seo-wordpress\/ -->\n<title>Aree di Attivit\u00e0 - Studio Legale Napolitano<\/title>\n<meta name=\"description\" content=\"Lo Studio Legale Napolitano fornisce assistenza, giudiziale e stragiudiziale, in aree di attivit\u00e0 complesse ed in continua evoluzione: dalle questioni societarie all\u2019assistenza nei processi di internazionalizzazione delle imprese, dal diritto penale dell\u2019economia alle problematiche relative alla responsabilit\u00e0 amministrativa degli enti ai sensi del D.Lgs. 231\/2001.\" \/>\n<meta name=\"robots\" content=\"index, follow, max-snippet:-1, max-image-preview:large, max-video-preview:-1\" \/>\n<link rel=\"canonical\" href=\"https:\/\/www.studiolegalenapolitano.com\/attivita\/\" \/>\n<meta property=\"og:locale\" content=\"es_ES\" \/>\n<meta property=\"og:type\" content=\"article\" \/>\n<meta property=\"og:title\" content=\"Aree di Attivit\u00e0 - Studio Legale Napolitano\" \/>\n<meta property=\"og:description\" content=\"Lo Studio Legale Napolitano fornisce assistenza, giudiziale e stragiudiziale, in aree di attivit\u00e0 complesse ed in continua evoluzione: dalle questioni societarie all\u2019assistenza nei processi di internazionalizzazione delle imprese, dal diritto penale dell\u2019economia alle problematiche relative alla responsabilit\u00e0 amministrativa degli enti ai sensi del D.Lgs. 231\/2001.\" \/>\n<meta property=\"og:url\" content=\"https:\/\/www.studiolegalenapolitano.com\/attivita\/\" \/>\n<meta property=\"og:site_name\" content=\"Studio Legale Napolitano\" \/>\n<meta property=\"article:modified_time\" content=\"2015-11-04T10:04:25+00:00\" \/>\n<meta name=\"twitter:card\" content=\"summary_large_image\" \/>\n<meta name=\"twitter:label1\" content=\"Tiempo de lectura\" \/>\n\t<meta name=\"twitter:data1\" content=\"3 minutos\" \/>\n<script type=\"application\/ld+json\" class=\"yoast-schema-graph\">{\"@context\":\"https:\\\/\\\/schema.org\",\"@graph\":[{\"@type\":\"WebPage\",\"@id\":\"https:\\\/\\\/www.studiolegalenapolitano.com\\\/attivita\\\/\",\"url\":\"https:\\\/\\\/www.studiolegalenapolitano.com\\\/attivita\\\/\",\"name\":\"Aree di Attivit\u00e0 - Studio Legale Napolitano\",\"isPartOf\":{\"@id\":\"https:\\\/\\\/www.studiolegalenapolitano.com\\\/#website\"},\"datePublished\":\"2015-09-07T14:59:22+00:00\",\"dateModified\":\"2015-11-04T10:04:25+00:00\",\"description\":\"Lo Studio Legale Napolitano fornisce assistenza, giudiziale e stragiudiziale, in aree di attivit\u00e0 complesse ed in continua evoluzione: dalle questioni societarie all\u2019assistenza nei processi di internazionalizzazione delle imprese, dal diritto penale dell\u2019economia alle problematiche relative alla responsabilit\u00e0 amministrativa degli enti ai sensi del D.Lgs. 231\\\/2001.\",\"breadcrumb\":{\"@id\":\"https:\\\/\\\/www.studiolegalenapolitano.com\\\/attivita\\\/#breadcrumb\"},\"inLanguage\":\"es\",\"potentialAction\":[{\"@type\":\"ReadAction\",\"target\":[\"https:\\\/\\\/www.studiolegalenapolitano.com\\\/attivita\\\/\"]}]},{\"@type\":\"BreadcrumbList\",\"@id\":\"https:\\\/\\\/www.studiolegalenapolitano.com\\\/attivita\\\/#breadcrumb\",\"itemListElement\":[{\"@type\":\"ListItem\",\"position\":1,\"name\":\"Home\",\"item\":\"https:\\\/\\\/www.studiolegalenapolitano.com\\\/\"},{\"@type\":\"ListItem\",\"position\":2,\"name\":\"Aree di Attivit\u00e0\"}]},{\"@type\":\"WebSite\",\"@id\":\"https:\\\/\\\/www.studiolegalenapolitano.com\\\/#website\",\"url\":\"https:\\\/\\\/www.studiolegalenapolitano.com\\\/\",\"name\":\"Studio Legale Napolitano\",\"description\":\"Studio Legale\",\"potentialAction\":[{\"@type\":\"SearchAction\",\"target\":{\"@type\":\"EntryPoint\",\"urlTemplate\":\"https:\\\/\\\/www.studiolegalenapolitano.com\\\/?s={search_term_string}\"},\"query-input\":{\"@type\":\"PropertyValueSpecification\",\"valueRequired\":true,\"valueName\":\"search_term_string\"}}],\"inLanguage\":\"es\"}]}<\/script>\n<!-- \/ Yoast SEO plugin. -->","yoast_head_json":{"title":"Aree di Attivit\u00e0 - Studio Legale Napolitano","description":"Lo Studio Legale Napolitano fornisce assistenza, giudiziale e stragiudiziale, in aree di attivit\u00e0 complesse ed in continua evoluzione: dalle questioni societarie all\u2019assistenza nei processi di internazionalizzazione delle imprese, dal diritto penale dell\u2019economia alle problematiche relative alla responsabilit\u00e0 amministrativa degli enti ai sensi del D.Lgs. 231\/2001.","robots":{"index":"index","follow":"follow","max-snippet":"max-snippet:-1","max-image-preview":"max-image-preview:large","max-video-preview":"max-video-preview:-1"},"canonical":"https:\/\/www.studiolegalenapolitano.com\/attivita\/","og_locale":"es_ES","og_type":"article","og_title":"Aree di Attivit\u00e0 - Studio Legale Napolitano","og_description":"Lo Studio Legale Napolitano fornisce assistenza, giudiziale e stragiudiziale, in aree di attivit\u00e0 complesse ed in continua evoluzione: dalle questioni societarie all\u2019assistenza nei processi di internazionalizzazione delle imprese, dal diritto penale dell\u2019economia alle problematiche relative alla responsabilit\u00e0 amministrativa degli enti ai sensi del D.Lgs. 231\/2001.","og_url":"https:\/\/www.studiolegalenapolitano.com\/attivita\/","og_site_name":"Studio Legale Napolitano","article_modified_time":"2015-11-04T10:04:25+00:00","twitter_card":"summary_large_image","twitter_misc":{"Tiempo de lectura":"3 minutos"},"schema":{"@context":"https:\/\/schema.org","@graph":[{"@type":"WebPage","@id":"https:\/\/www.studiolegalenapolitano.com\/attivita\/","url":"https:\/\/www.studiolegalenapolitano.com\/attivita\/","name":"Aree di Attivit\u00e0 - Studio Legale Napolitano","isPartOf":{"@id":"https:\/\/www.studiolegalenapolitano.com\/#website"},"datePublished":"2015-09-07T14:59:22+00:00","dateModified":"2015-11-04T10:04:25+00:00","description":"Lo Studio Legale Napolitano fornisce assistenza, giudiziale e stragiudiziale, in aree di attivit\u00e0 complesse ed in continua evoluzione: dalle questioni societarie all\u2019assistenza nei processi di internazionalizzazione delle imprese, dal diritto penale dell\u2019economia alle problematiche relative alla responsabilit\u00e0 amministrativa degli enti ai sensi del D.Lgs. 231\/2001.","breadcrumb":{"@id":"https:\/\/www.studiolegalenapolitano.com\/attivita\/#breadcrumb"},"inLanguage":"es","potentialAction":[{"@type":"ReadAction","target":["https:\/\/www.studiolegalenapolitano.com\/attivita\/"]}]},{"@type":"BreadcrumbList","@id":"https:\/\/www.studiolegalenapolitano.com\/attivita\/#breadcrumb","itemListElement":[{"@type":"ListItem","position":1,"name":"Home","item":"https:\/\/www.studiolegalenapolitano.com\/"},{"@type":"ListItem","position":2,"name":"Aree di Attivit\u00e0"}]},{"@type":"WebSite","@id":"https:\/\/www.studiolegalenapolitano.com\/#website","url":"https:\/\/www.studiolegalenapolitano.com\/","name":"Studio Legale Napolitano","description":"Studio Legale","potentialAction":[{"@type":"SearchAction","target":{"@type":"EntryPoint","urlTemplate":"https:\/\/www.studiolegalenapolitano.com\/?s={search_term_string}"},"query-input":{"@type":"PropertyValueSpecification","valueRequired":true,"valueName":"search_term_string"}}],"inLanguage":"es"}]}},"_links":{"self":[{"href":"https:\/\/www.studiolegalenapolitano.com\/es\/wp-json\/wp\/v2\/pages\/43","targetHints":{"allow":["GET"]}}],"collection":[{"href":"https:\/\/www.studiolegalenapolitano.com\/es\/wp-json\/wp\/v2\/pages"}],"about":[{"href":"https:\/\/www.studiolegalenapolitano.com\/es\/wp-json\/wp\/v2\/types\/page"}],"author":[{"embeddable":true,"href":"https:\/\/www.studiolegalenapolitano.com\/es\/wp-json\/wp\/v2\/users\/6"}],"replies":[{"embeddable":true,"href":"https:\/\/www.studiolegalenapolitano.com\/es\/wp-json\/wp\/v2\/comments?post=43"}],"version-history":[{"count":0,"href":"https:\/\/www.studiolegalenapolitano.com\/es\/wp-json\/wp\/v2\/pages\/43\/revisions"}],"wp:attachment":[{"href":"https:\/\/www.studiolegalenapolitano.com\/es\/wp-json\/wp\/v2\/media?parent=43"}],"curies":[{"name":"wp","href":"https:\/\/api.w.org\/{rel}","templated":true}]}}