{"id":131,"date":"2015-10-01T16:19:04","date_gmt":"2015-10-01T16:19:04","guid":{"rendered":"http:\/\/www.studiolegalenapolitano.com\/?page_id=131"},"modified":"2015-10-12T22:17:45","modified_gmt":"2015-10-12T22:17:45","slug":"administrative-law","status":"publish","type":"page","link":"https:\/\/www.studiolegalenapolitano.com\/es\/attivita\/administrative-law\/","title":{"rendered":"Diritto Amministrativo"},"content":{"rendered":"<p class=\"qtranxs-available-languages-message qtranxs-available-languages-message-es\">Disculpa, pero esta entrada est\u00e1 disponible s\u00f3lo en <a href=\"https:\/\/www.studiolegalenapolitano.com\/it\/wp-json\/wp\/v2\/pages\/131\" class=\"qtranxs-available-language-link qtranxs-available-language-link-it\" title=\"Italiano\">Italiano<\/a>, <a href=\"https:\/\/www.studiolegalenapolitano.com\/fr\/wp-json\/wp\/v2\/pages\/131\" class=\"qtranxs-available-language-link qtranxs-available-language-link-fr\" title=\"Fran\u00e7ais\">Fran\u00e7ais<\/a> y <a href=\"https:\/\/www.studiolegalenapolitano.com\/en\/wp-json\/wp\/v2\/pages\/131\" class=\"qtranxs-available-language-link qtranxs-available-language-link-en\" title=\"English\">English<\/a>. For the sake of viewer convenience, the content is shown below in this site default language. You may click one of the links to switch the site language to another available language.<\/p><p><\/p>\n<p style=\"text-align: justify;\">I professionisti dello Studio Legale Napolitano vantano una significativa esperienza in materia di appalti pubblici di lavori, servizi, forniture, in materia di concessioni di lavori e di servizi, con particolare riferimento alla definizione delle procedure di gara e di tutta la relativa documentazione.<\/p>\n<p style=\"text-align: justify;\">Lo Studio Legale Napolitano fornisce assistenza nel contenzioso amministrativo dinanzi alle Autorit\u00e0 Giudiziarie competenti, nell&#8217;ambito dei procedimenti amministrativi dinanzi alle Autorit\u00e0 Amministrative indipendenti (Autorit\u00e0 Nazionale Anti Corruzione e Autorit\u00e0 Garante della Concorrenza e del Mercato) nonch\u00e9 nei giudizi arbitrali e nei procedimenti innanzi alla Corte dei Conti, in particolar modo per danno erariale.<\/p>\n<p><\/p>","protected":false},"excerpt":{"rendered":"<p>Disculpa, pero esta entrada est\u00e1 disponible s\u00f3lo en Italiano, Fran\u00e7ais y English. For the sake of viewer convenience, the content is shown below in this site default language. You may click one of the links to switch the site language to another available language. I professionisti dello Studio Legale Napolitano vantano una significativa esperienza in&#8230;<\/p>\n","protected":false},"author":6,"featured_media":0,"parent":43,"menu_order":0,"comment_status":"closed","ping_status":"closed","template":"","meta":{"footnotes":""},"class_list":["post-131","page","type-page","status-publish","hentry"],"yoast_head":"<!-- This site is optimized with the Yoast SEO plugin v27.5 - https:\/\/yoast.com\/product\/yoast-seo-wordpress\/ -->\n<title>Diritto Amministrativo - Studio Legale Napolitano<\/title>\n<meta name=\"robots\" content=\"index, follow, max-snippet:-1, max-image-preview:large, max-video-preview:-1\" \/>\n<link rel=\"canonical\" href=\"https:\/\/www.studiolegalenapolitano.com\/attivita\/administrative-law\/\" \/>\n<meta property=\"og:locale\" content=\"es_ES\" \/>\n<meta property=\"og:type\" content=\"article\" \/>\n<meta property=\"og:title\" content=\"Diritto Amministrativo - Studio Legale Napolitano\" \/>\n<meta property=\"og:description\" content=\"Disculpa, pero esta entrada est\u00e1 disponible s\u00f3lo en Italiano, Fran\u00e7ais y English. For the sake of viewer convenience, the content is shown below in this site default language. You may click one of the links to switch the site language to another available language. I professionisti dello Studio Legale Napolitano vantano una significativa esperienza in...\" \/>\n<meta property=\"og:url\" content=\"https:\/\/www.studiolegalenapolitano.com\/attivita\/administrative-law\/\" \/>\n<meta property=\"og:site_name\" content=\"Studio Legale Napolitano\" \/>\n<meta property=\"article:modified_time\" content=\"2015-10-12T22:17:45+00:00\" \/>\n<meta name=\"twitter:card\" content=\"summary_large_image\" \/>\n<meta name=\"twitter:label1\" content=\"Tiempo de lectura\" \/>\n\t<meta name=\"twitter:data1\" content=\"1 minuto\" \/>\n<script type=\"application\/ld+json\" class=\"yoast-schema-graph\">{\"@context\":\"https:\\\/\\\/schema.org\",\"@graph\":[{\"@type\":\"WebPage\",\"@id\":\"https:\\\/\\\/www.studiolegalenapolitano.com\\\/attivita\\\/administrative-law\\\/\",\"url\":\"https:\\\/\\\/www.studiolegalenapolitano.com\\\/attivita\\\/administrative-law\\\/\",\"name\":\"Diritto Amministrativo - Studio Legale Napolitano\",\"isPartOf\":{\"@id\":\"https:\\\/\\\/www.studiolegalenapolitano.com\\\/#website\"},\"datePublished\":\"2015-10-01T16:19:04+00:00\",\"dateModified\":\"2015-10-12T22:17:45+00:00\",\"breadcrumb\":{\"@id\":\"https:\\\/\\\/www.studiolegalenapolitano.com\\\/attivita\\\/administrative-law\\\/#breadcrumb\"},\"inLanguage\":\"es\",\"potentialAction\":[{\"@type\":\"ReadAction\",\"target\":[\"https:\\\/\\\/www.studiolegalenapolitano.com\\\/attivita\\\/administrative-law\\\/\"]}]},{\"@type\":\"BreadcrumbList\",\"@id\":\"https:\\\/\\\/www.studiolegalenapolitano.com\\\/attivita\\\/administrative-law\\\/#breadcrumb\",\"itemListElement\":[{\"@type\":\"ListItem\",\"position\":1,\"name\":\"Home\",\"item\":\"https:\\\/\\\/www.studiolegalenapolitano.com\\\/\"},{\"@type\":\"ListItem\",\"position\":2,\"name\":\"Aree di Attivit\u00e0\",\"item\":\"https:\\\/\\\/www.studiolegalenapolitano.com\\\/attivita\\\/\"},{\"@type\":\"ListItem\",\"position\":3,\"name\":\"Diritto Amministrativo\"}]},{\"@type\":\"WebSite\",\"@id\":\"https:\\\/\\\/www.studiolegalenapolitano.com\\\/#website\",\"url\":\"https:\\\/\\\/www.studiolegalenapolitano.com\\\/\",\"name\":\"Studio Legale Napolitano\",\"description\":\"Studio Legale\",\"potentialAction\":[{\"@type\":\"SearchAction\",\"target\":{\"@type\":\"EntryPoint\",\"urlTemplate\":\"https:\\\/\\\/www.studiolegalenapolitano.com\\\/?s={search_term_string}\"},\"query-input\":{\"@type\":\"PropertyValueSpecification\",\"valueRequired\":true,\"valueName\":\"search_term_string\"}}],\"inLanguage\":\"es\"}]}<\/script>\n<!-- \/ Yoast SEO plugin. -->","yoast_head_json":{"title":"Diritto Amministrativo - Studio Legale Napolitano","robots":{"index":"index","follow":"follow","max-snippet":"max-snippet:-1","max-image-preview":"max-image-preview:large","max-video-preview":"max-video-preview:-1"},"canonical":"https:\/\/www.studiolegalenapolitano.com\/attivita\/administrative-law\/","og_locale":"es_ES","og_type":"article","og_title":"Diritto Amministrativo - Studio Legale Napolitano","og_description":"Disculpa, pero esta entrada est\u00e1 disponible s\u00f3lo en Italiano, Fran\u00e7ais y English. For the sake of viewer convenience, the content is shown below in this site default language. You may click one of the links to switch the site language to another available language. I professionisti dello Studio Legale Napolitano vantano una significativa esperienza in...","og_url":"https:\/\/www.studiolegalenapolitano.com\/attivita\/administrative-law\/","og_site_name":"Studio Legale Napolitano","article_modified_time":"2015-10-12T22:17:45+00:00","twitter_card":"summary_large_image","twitter_misc":{"Tiempo de lectura":"1 minuto"},"schema":{"@context":"https:\/\/schema.org","@graph":[{"@type":"WebPage","@id":"https:\/\/www.studiolegalenapolitano.com\/attivita\/administrative-law\/","url":"https:\/\/www.studiolegalenapolitano.com\/attivita\/administrative-law\/","name":"Diritto Amministrativo - Studio Legale Napolitano","isPartOf":{"@id":"https:\/\/www.studiolegalenapolitano.com\/#website"},"datePublished":"2015-10-01T16:19:04+00:00","dateModified":"2015-10-12T22:17:45+00:00","breadcrumb":{"@id":"https:\/\/www.studiolegalenapolitano.com\/attivita\/administrative-law\/#breadcrumb"},"inLanguage":"es","potentialAction":[{"@type":"ReadAction","target":["https:\/\/www.studiolegalenapolitano.com\/attivita\/administrative-law\/"]}]},{"@type":"BreadcrumbList","@id":"https:\/\/www.studiolegalenapolitano.com\/attivita\/administrative-law\/#breadcrumb","itemListElement":[{"@type":"ListItem","position":1,"name":"Home","item":"https:\/\/www.studiolegalenapolitano.com\/"},{"@type":"ListItem","position":2,"name":"Aree di Attivit\u00e0","item":"https:\/\/www.studiolegalenapolitano.com\/attivita\/"},{"@type":"ListItem","position":3,"name":"Diritto Amministrativo"}]},{"@type":"WebSite","@id":"https:\/\/www.studiolegalenapolitano.com\/#website","url":"https:\/\/www.studiolegalenapolitano.com\/","name":"Studio Legale Napolitano","description":"Studio Legale","potentialAction":[{"@type":"SearchAction","target":{"@type":"EntryPoint","urlTemplate":"https:\/\/www.studiolegalenapolitano.com\/?s={search_term_string}"},"query-input":{"@type":"PropertyValueSpecification","valueRequired":true,"valueName":"search_term_string"}}],"inLanguage":"es"}]}},"_links":{"self":[{"href":"https:\/\/www.studiolegalenapolitano.com\/es\/wp-json\/wp\/v2\/pages\/131","targetHints":{"allow":["GET"]}}],"collection":[{"href":"https:\/\/www.studiolegalenapolitano.com\/es\/wp-json\/wp\/v2\/pages"}],"about":[{"href":"https:\/\/www.studiolegalenapolitano.com\/es\/wp-json\/wp\/v2\/types\/page"}],"author":[{"embeddable":true,"href":"https:\/\/www.studiolegalenapolitano.com\/es\/wp-json\/wp\/v2\/users\/6"}],"replies":[{"embeddable":true,"href":"https:\/\/www.studiolegalenapolitano.com\/es\/wp-json\/wp\/v2\/comments?post=131"}],"version-history":[{"count":0,"href":"https:\/\/www.studiolegalenapolitano.com\/es\/wp-json\/wp\/v2\/pages\/131\/revisions"}],"up":[{"embeddable":true,"href":"https:\/\/www.studiolegalenapolitano.com\/es\/wp-json\/wp\/v2\/pages\/43"}],"wp:attachment":[{"href":"https:\/\/www.studiolegalenapolitano.com\/es\/wp-json\/wp\/v2\/media?parent=131"}],"curies":[{"name":"wp","href":"https:\/\/api.w.org\/{rel}","templated":true}]}}