{"id":59,"date":"2015-09-10T12:51:42","date_gmt":"2015-09-10T12:51:42","guid":{"rendered":"http:\/\/www.studiolegalenapolitano.com\/?page_id=59"},"modified":"2015-11-04T10:05:09","modified_gmt":"2015-11-04T10:05:09","slug":"corporate-law","status":"publish","type":"page","link":"https:\/\/www.studiolegalenapolitano.com\/de\/attivita\/corporate-law\/","title":{"rendered":"Diritto Societario"},"content":{"rendered":"<p class=\"qtranxs-available-languages-message qtranxs-available-languages-message-de\">Leider ist der Eintrag nur auf <a href=\"https:\/\/www.studiolegalenapolitano.com\/it\/wp-json\/wp\/v2\/pages\/59\" class=\"qtranxs-available-language-link qtranxs-available-language-link-it\" title=\"Italiano\">Italiano<\/a>, <a href=\"https:\/\/www.studiolegalenapolitano.com\/fr\/wp-json\/wp\/v2\/pages\/59\" class=\"qtranxs-available-language-link qtranxs-available-language-link-fr\" title=\"Fran\u00e7ais\">Fran\u00e7ais<\/a> und <a href=\"https:\/\/www.studiolegalenapolitano.com\/en\/wp-json\/wp\/v2\/pages\/59\" class=\"qtranxs-available-language-link qtranxs-available-language-link-en\" title=\"English\">English<\/a> verf\u00fcgbar. Der Inhalt wird in der Standard-Sprache dieser Website angezeigt. Sie k\u00f6nnen einen Link anklicken, um zu einer anderen verf\u00fcgbaren Sprache zu wechseln.<\/p><p>Lo Studio Legale Napolitano di Roma si occupa in modo particolare di diritto societario ed \u00e8 in grado di offrire consulenza ed assistenza qualificata nell\u2019ambito legale relativo all&#8217;Impresa. Le societ\u00e0 sono seguite sin dalla fase di costituzione, sino all&#8217;eventuale procedura di liquidazione volontaria.<\/p>\n<p style=\"text-align: justify;\">Lo Studio Legale Napolitano, in particolare, presta i suoi servizi legali nei seguenti ambiti:<\/p>\n<ul>\n<li style=\"text-align: justify;\">Identificazione della struttura societaria e costituzione di societ\u00e0;<\/li>\n<li style=\"text-align: justify;\">Redazione di statuti sociali e di patti parasociali;<\/li>\n<li style=\"text-align: justify;\">Consulenza agli azionisti e agli organi amministrativi;<\/li>\n<li style=\"text-align: justify;\">Definizione di assetti di governance;<\/li>\n<li style=\"text-align: justify;\">Compravendita di azioni e quote;<\/li>\n<li style=\"text-align: justify;\">Trasferimenti di aziende e\/o rami di aziende;<\/li>\n<li style=\"text-align: justify;\">Operazioni straordinarie di trasformazione, fusione, scissione;<\/li>\n<li style=\"text-align: justify;\">Attivit\u00e0 di due diligence;<\/li>\n<li style=\"text-align: justify;\">Stipula di accordi di Joint Ventures;<\/li>\n<li style=\"text-align: justify;\">Riorganizzazioni aziendale;<\/li>\n<li style=\"text-align: justify;\">Assistenza nelle procedure di liquidazione volontaria.<\/li>\n<\/ul>\n<p style=\"text-align: justify;\">Lo Studio ha seguito e continua a seguire diverse operazioni di M&amp;A ed ha assistito sia clienti stranieri in acquisizioni in Italia che clienti italiani in acquisizione all\u2019estero, in questo caso con l\u2019ausilio di primari studi legali operanti nel paese interessato.<\/p>\n<p style=\"text-align: justify;\">Lo Studio presta consulenza a soci, amministratori e membri degli organi di controllo di societ\u00e0 di capitali anche in sede giudiziale, oltre che sugli aspetti fiscali collegati alle singole operazioni.<\/p>\n<p style=\"text-align: justify;\">Lo Studio \u00e8 altres\u00ec in grado di assistere le societ\u00e0 clienti nelle questioni di carattere pubblicistico pi\u00f9 strettamente legate all\u2019attivit\u00e0 delle imprese commerciali e cos\u00ec ad esempio nell\u2019ambito degli appalti di lavori, servizi e forniture disciplinati dal Codice dei contratti pubblici.<\/p>\n<p><\/p>","protected":false},"excerpt":{"rendered":"<p>Leider ist der Eintrag nur auf Italiano, Fran\u00e7ais und English verf\u00fcgbar. Der Inhalt wird in der Standard-Sprache dieser Website angezeigt. Sie k\u00f6nnen einen Link anklicken, um zu einer anderen verf\u00fcgbaren Sprache zu wechseln.Lo Studio Legale Napolitano di Roma si occupa in modo particolare di diritto societario ed \u00e8 in grado di offrire consulenza ed assistenza&#8230;<\/p>\n","protected":false},"author":6,"featured_media":0,"parent":43,"menu_order":0,"comment_status":"closed","ping_status":"closed","template":"","meta":{"footnotes":""},"class_list":["post-59","page","type-page","status-publish","hentry"],"yoast_head":"<!-- This site is optimized with the Yoast SEO plugin v27.5 - https:\/\/yoast.com\/product\/yoast-seo-wordpress\/ -->\n<title>Diritto Societario - Studio Legale Napolitano<\/title>\n<meta name=\"robots\" content=\"index, follow, max-snippet:-1, max-image-preview:large, max-video-preview:-1\" \/>\n<link rel=\"canonical\" href=\"https:\/\/www.studiolegalenapolitano.com\/attivita\/corporate-law\/\" \/>\n<meta property=\"og:locale\" content=\"de_DE\" \/>\n<meta property=\"og:type\" content=\"article\" \/>\n<meta property=\"og:title\" content=\"Diritto Societario - Studio Legale Napolitano\" \/>\n<meta property=\"og:description\" content=\"Leider ist der Eintrag nur auf Italiano, Fran\u00e7ais und English verf\u00fcgbar. Der Inhalt wird in der Standard-Sprache dieser Website angezeigt. Sie k\u00f6nnen einen Link anklicken, um zu einer anderen verf\u00fcgbaren Sprache zu wechseln.Lo Studio Legale Napolitano di Roma si occupa in modo particolare di diritto societario ed \u00e8 in grado di offrire consulenza ed assistenza...\" \/>\n<meta property=\"og:url\" content=\"https:\/\/www.studiolegalenapolitano.com\/attivita\/corporate-law\/\" \/>\n<meta property=\"og:site_name\" content=\"Studio Legale Napolitano\" \/>\n<meta property=\"article:modified_time\" content=\"2015-11-04T10:05:09+00:00\" \/>\n<meta name=\"twitter:card\" content=\"summary_large_image\" \/>\n<meta name=\"twitter:label1\" content=\"Gesch\u00e4tzte Lesezeit\" \/>\n\t<meta name=\"twitter:data1\" content=\"4\u00a0Minuten\" \/>\n<script type=\"application\/ld+json\" class=\"yoast-schema-graph\">{\"@context\":\"https:\\\/\\\/schema.org\",\"@graph\":[{\"@type\":\"WebPage\",\"@id\":\"https:\\\/\\\/www.studiolegalenapolitano.com\\\/attivita\\\/corporate-law\\\/\",\"url\":\"https:\\\/\\\/www.studiolegalenapolitano.com\\\/attivita\\\/corporate-law\\\/\",\"name\":\"Diritto Societario - Studio Legale Napolitano\",\"isPartOf\":{\"@id\":\"https:\\\/\\\/www.studiolegalenapolitano.com\\\/#website\"},\"datePublished\":\"2015-09-10T12:51:42+00:00\",\"dateModified\":\"2015-11-04T10:05:09+00:00\",\"breadcrumb\":{\"@id\":\"https:\\\/\\\/www.studiolegalenapolitano.com\\\/attivita\\\/corporate-law\\\/#breadcrumb\"},\"inLanguage\":\"de\",\"potentialAction\":[{\"@type\":\"ReadAction\",\"target\":[\"https:\\\/\\\/www.studiolegalenapolitano.com\\\/attivita\\\/corporate-law\\\/\"]}]},{\"@type\":\"BreadcrumbList\",\"@id\":\"https:\\\/\\\/www.studiolegalenapolitano.com\\\/attivita\\\/corporate-law\\\/#breadcrumb\",\"itemListElement\":[{\"@type\":\"ListItem\",\"position\":1,\"name\":\"Home\",\"item\":\"https:\\\/\\\/www.studiolegalenapolitano.com\\\/\"},{\"@type\":\"ListItem\",\"position\":2,\"name\":\"Aree di Attivit\u00e0\",\"item\":\"https:\\\/\\\/www.studiolegalenapolitano.com\\\/attivita\\\/\"},{\"@type\":\"ListItem\",\"position\":3,\"name\":\"Diritto Societario\"}]},{\"@type\":\"WebSite\",\"@id\":\"https:\\\/\\\/www.studiolegalenapolitano.com\\\/#website\",\"url\":\"https:\\\/\\\/www.studiolegalenapolitano.com\\\/\",\"name\":\"Studio Legale Napolitano\",\"description\":\"Studio Legale\",\"potentialAction\":[{\"@type\":\"SearchAction\",\"target\":{\"@type\":\"EntryPoint\",\"urlTemplate\":\"https:\\\/\\\/www.studiolegalenapolitano.com\\\/?s={search_term_string}\"},\"query-input\":{\"@type\":\"PropertyValueSpecification\",\"valueRequired\":true,\"valueName\":\"search_term_string\"}}],\"inLanguage\":\"de\"}]}<\/script>\n<!-- \/ Yoast SEO plugin. -->","yoast_head_json":{"title":"Diritto Societario - Studio Legale Napolitano","robots":{"index":"index","follow":"follow","max-snippet":"max-snippet:-1","max-image-preview":"max-image-preview:large","max-video-preview":"max-video-preview:-1"},"canonical":"https:\/\/www.studiolegalenapolitano.com\/attivita\/corporate-law\/","og_locale":"de_DE","og_type":"article","og_title":"Diritto Societario - Studio Legale Napolitano","og_description":"Leider ist der Eintrag nur auf Italiano, Fran\u00e7ais und English verf\u00fcgbar. Der Inhalt wird in der Standard-Sprache dieser Website angezeigt. Sie k\u00f6nnen einen Link anklicken, um zu einer anderen verf\u00fcgbaren Sprache zu wechseln.Lo Studio Legale Napolitano di Roma si occupa in modo particolare di diritto societario ed \u00e8 in grado di offrire consulenza ed assistenza...","og_url":"https:\/\/www.studiolegalenapolitano.com\/attivita\/corporate-law\/","og_site_name":"Studio Legale Napolitano","article_modified_time":"2015-11-04T10:05:09+00:00","twitter_card":"summary_large_image","twitter_misc":{"Gesch\u00e4tzte Lesezeit":"4\u00a0Minuten"},"schema":{"@context":"https:\/\/schema.org","@graph":[{"@type":"WebPage","@id":"https:\/\/www.studiolegalenapolitano.com\/attivita\/corporate-law\/","url":"https:\/\/www.studiolegalenapolitano.com\/attivita\/corporate-law\/","name":"Diritto Societario - Studio Legale Napolitano","isPartOf":{"@id":"https:\/\/www.studiolegalenapolitano.com\/#website"},"datePublished":"2015-09-10T12:51:42+00:00","dateModified":"2015-11-04T10:05:09+00:00","breadcrumb":{"@id":"https:\/\/www.studiolegalenapolitano.com\/attivita\/corporate-law\/#breadcrumb"},"inLanguage":"de","potentialAction":[{"@type":"ReadAction","target":["https:\/\/www.studiolegalenapolitano.com\/attivita\/corporate-law\/"]}]},{"@type":"BreadcrumbList","@id":"https:\/\/www.studiolegalenapolitano.com\/attivita\/corporate-law\/#breadcrumb","itemListElement":[{"@type":"ListItem","position":1,"name":"Home","item":"https:\/\/www.studiolegalenapolitano.com\/"},{"@type":"ListItem","position":2,"name":"Aree di Attivit\u00e0","item":"https:\/\/www.studiolegalenapolitano.com\/attivita\/"},{"@type":"ListItem","position":3,"name":"Diritto Societario"}]},{"@type":"WebSite","@id":"https:\/\/www.studiolegalenapolitano.com\/#website","url":"https:\/\/www.studiolegalenapolitano.com\/","name":"Studio Legale Napolitano","description":"Studio Legale","potentialAction":[{"@type":"SearchAction","target":{"@type":"EntryPoint","urlTemplate":"https:\/\/www.studiolegalenapolitano.com\/?s={search_term_string}"},"query-input":{"@type":"PropertyValueSpecification","valueRequired":true,"valueName":"search_term_string"}}],"inLanguage":"de"}]}},"_links":{"self":[{"href":"https:\/\/www.studiolegalenapolitano.com\/de\/wp-json\/wp\/v2\/pages\/59","targetHints":{"allow":["GET"]}}],"collection":[{"href":"https:\/\/www.studiolegalenapolitano.com\/de\/wp-json\/wp\/v2\/pages"}],"about":[{"href":"https:\/\/www.studiolegalenapolitano.com\/de\/wp-json\/wp\/v2\/types\/page"}],"author":[{"embeddable":true,"href":"https:\/\/www.studiolegalenapolitano.com\/de\/wp-json\/wp\/v2\/users\/6"}],"replies":[{"embeddable":true,"href":"https:\/\/www.studiolegalenapolitano.com\/de\/wp-json\/wp\/v2\/comments?post=59"}],"version-history":[{"count":0,"href":"https:\/\/www.studiolegalenapolitano.com\/de\/wp-json\/wp\/v2\/pages\/59\/revisions"}],"up":[{"embeddable":true,"href":"https:\/\/www.studiolegalenapolitano.com\/de\/wp-json\/wp\/v2\/pages\/43"}],"wp:attachment":[{"href":"https:\/\/www.studiolegalenapolitano.com\/de\/wp-json\/wp\/v2\/media?parent=59"}],"curies":[{"name":"wp","href":"https:\/\/api.w.org\/{rel}","templated":true}]}}