{"id":211,"date":"2015-10-05T15:03:35","date_gmt":"2015-10-05T15:03:35","guid":{"rendered":"http:\/\/www.studiolegalenapolitano.com\/?page_id=211"},"modified":"2015-10-05T15:03:35","modified_gmt":"2015-10-05T15:03:35","slug":"cookies-policy","status":"publish","type":"page","link":"https:\/\/www.studiolegalenapolitano.com\/de\/cookies-policy\/","title":{"rendered":"Cookies Policy"},"content":{"rendered":"<p class=\"qtranxs-available-languages-message qtranxs-available-languages-message-de\">Leider ist der Eintrag nur auf <a href=\"https:\/\/www.studiolegalenapolitano.com\/it\/wp-json\/wp\/v2\/pages\/211\" class=\"qtranxs-available-language-link qtranxs-available-language-link-it\" title=\"Italiano\">Italiano<\/a> verf\u00fcgbar. Der Inhalt wird unten in einer verf\u00fcgbaren Sprache angezeigt. Klicken Sie auf den Link, um die aktuelle Sprache zu \u00e4ndern.<\/p><p>Un cookie \u00e8 un piccolo file di testo che un sito invia al browser e che viene salvato sul tuo computer quando visiti un sito internet. I cookie sono utilizzati per far funzionare i siti in maniera pi\u00f9 efficiente, per migliorarne le prestazioni, condividere pagine con i social network, registrare statistiche in modo anonimo e anche per fornire informazioni ai proprietari del sito.<\/p>\n<p><strong>DOVE POSSO TROVARE MAGGIORI INFORMAZIONI\u00a0SUI COOKIES<\/strong><\/p>\n<ul>\n<li><a href=\"http:\/\/www.garanteprivacy.it\/web\/guest\/home\/docweb\/-\/docweb-display\/docweb\/2145979\" target=\"_blank\">Garante Privacy<\/a><\/li>\n<li><a href=\"http:\/\/www.allaboutcookies.org\/\" target=\"_blank\">All About Cookies<\/a><\/li>\n<li><a href=\"http:\/\/youronlinechoices.eu\/\" target=\"_blank\">Your Online Choices<\/a><\/li>\n<li><a href=\"http:\/\/www.google.com\/policies\/privacy\/\" target=\"_blank\">Google<\/a><\/li>\n<\/ul>\n<p class=\"\"><strong>CHE TIPO DI COOKIE UTILIZZA studiolegalenapolitano.com E A QUALE SCOPO?<\/strong><\/p>\n<p class=\"\"><i>COOKIES\u00a0TECNICI<br \/>\n<\/i>Questi cookies sono essenziali al fine di consentire di spostarsi in tutto il sito ed utilizzare appieno le sue caratteristiche, come ad esempio accedere alle aree protette. Senza questi cookies alcuni servizi necessari, come la compilazione di un form, non possono essere fruiti. Utilizzando il nostro sito, accetti che tali cookies possano essere installati sul tuo dispositivo.<\/p>\n<p class=\"\"><i>COOKIES DI TERZE PARTI<br \/>\n<\/i>Attraverso la navigazione del nostro sito potresti ricevere anche cookies come quelli usati per Google Analytics, un servizio di analisi web fornito da Google, Inc. (&#8222;Google&#8220;). Google Analytics utilizza i cookies per analizzare come gli utenti utilizzano il sito. Le informazioni generate dai cookies sull&#8217;utilizzo del sito web (compreso il tuo indirizzo IP anonimo) verranno trasmesse e depositate presso i server di Google negli Stati Uniti. Google utilizzer\u00e0 queste informazioni allo scopo di esaminare il tuo utilizzo del sito web, compilare report sulle attivit\u00e0 del sito per gli operatori dello stesso e fornire altri servizi relativi alle attivit\u00e0 del sito web e all&#8217;utilizzo di internet. Google pu\u00f2 anche trasferire queste informazioni a terzi ove ci\u00f2 sia imposto dalla legge o laddove tali terzi trattino le suddette informazioni per conto di Google. Google non assocer\u00e0 il tuo indirizzo IP a nessun altro dato posseduto da Google. Puoi rifiutarti di usare i cookies selezionando l&#8217;impostazione appropriata sul tuo browser, ma ti ricordiamo che in questo caso \u00e8 possibile che non si riesca ad utilizzare tutte le funzionalit\u00e0 di questo sito web.<\/p>\n<p class=\"\">Questo sito potrebbe anche utilizzare alcuni &#8222;social-plugin&#8220; per la condivisione e comunicazione di contenuti: il loro utilizzo \u00e8 facoltativo. Quando utilizzi uno dei plugin il sito si metter\u00e0 in contatto, attraverso il tuo browser, con i server presso cui vengono gestiti i servizi di social sharing richiamati, comunicando loro i dati che intendi pubblicare e condividere attraverso il tuo profilo social (di cui rimani l&#8217;unico responsabile) ed informandoli (i server) delle pagine che hai visitato. Ricorda che per escludere questa possibilit\u00e0, puoi solamente evitare di condividere contenuti con l&#8217;utilizzo dei pulsanti di social share. Per ulteriori dettagli riguardo l\u00b4utilizzo e la raccolta di dati attraverso i seguenti plugin e per sapere come vengono trattati (e per quali finalit\u00e0) i dati cos\u00ec raccolti e trasmessi, ti preghiamo di consultare l\u00b4informativa privacy e legale rilasciata dai titolari dei servizi in questione.<\/p>\n<p class=\"\"><strong><i>NON UTILIZZA COOKIES DI PROFILAZIONE<\/i><\/strong><\/p>\n<p class=\"\"><strong>COME GESTIRE I COOKIES SUL TUO COMPUTER<\/strong><\/p>\n<p class=\"\">In caso di preoccupazioni sull&#8217;utilizzo dei cookie, \u00e8 possibile intervenire e impedirne l&#8217;impostazione, ad esempio modificando la configurazione del browser per bloccarne determinati tipi. Se desideri modificare le impostazioni relative ai cookies, puoi seguire i passaggi riportati di seguito.<\/p>\n<p class=\"\"><i>Google Chrome<\/i><br \/>\n1. Clicca su &#8218;Strumenti&#8216; nella parte superiore della finestra del browser e seleziona Opzioni<br \/>\n2. Fai clic sulla scheda &#8218;Roba da smanettoni&#8216; , individua la sezione &#8218;Privacy&#8216;, e seleziona il pulsante &#8218;Impostazioni contenuto&#8216;<br \/>\n3. Ora seleziona &#8218;Consenti dati locali da impostare&#8216;<\/p>\n<p><i>Microsoft Internet Explorer 6.0, 7.0, 8.0, 9.0<\/i><br \/>\n1. Clicca su &#8218;Strumenti&#8216; nella parte superiore della finestra del browser e seleziona &#8218;Opzioni Internet&#8216;, quindi fai clic sulla scheda &#8218;Privacy&#8216;<br \/>\n2. Per attivare i cookies nel tuo browser, assicurati che il livello di privacy sia impostato su Medio o al di sotto<br \/>\n3. Impostando il livello di privacy sopra il Medio disattiverai l\u2019utilizzo dei cookies<\/p>\n<p><i>Mozilla Firefox<\/i><br \/>\n1. Clicca su &#8218;Strumenti&#8216; nella parte superiore della finestra del browser e seleziona &#8218;Opzioni&#8216;<br \/>\n2. Quindi seleziona l&#8217;icona &#8218;Privacy&#8216;<br \/>\n3. Fai clic su &#8218;Cookies&#8216;, quindi seleziona &#8218;Permetto ai siti l\u2019utilizzo dei cookies&#8216;<\/p>\n<p><i>Safari su Windows<\/i><br \/>\n1. Fai clic sull&#8217;icona &#8218;Cog&#8216; nella parte superiore della finestra del browser e seleziona l&#8217;opzione &#8218;Preferenze&#8216;<br \/>\n2. Fai clic su &#8218;Protezione&#8216;, seleziona l&#8217;opzione che dice &#8218;Blocco di terze parti e di cookies per la pubblicit\u00e0&#8216;<br \/>\n3. Fai clic su &#8218;Salva&#8216;<\/p>\n<p><i>Microsoft Internet Explorer 5.0 su OSX<\/i><br \/>\n1. Fai clic su &#8218;Esplora&#8216; nella parte superiore della finestra del browser e seleziona l\u2019opzione &#8218;Preferenze&#8216;<br \/>\n2. Scorri verso il basso fino a visualizzare &#8218;cookies&#8216; nella sezione File Ricezione<br \/>\n3. Seleziona l&#8217;opzione &#8218;Non chiedere&#8216;<\/p>\n<p><i>Safari su OSX<\/i><br \/>\n1. Fai clic su &#8218;Safari&#8216; nella parte superiore della finestra del browser e seleziona l&#8217;opzione &#8218;Preferenze&#8216;<br \/>\n2. Fai clic su &#8218;Sicurezza&#8216; e poi &#8218;Accetta i cookies&#8216;<br \/>\n3. Seleziona &#8218;Solo dal sito&#8216;<\/p>\n<p><i>Mozilla e Netscape su OSX<\/i><br \/>\n1. Fai clic su &#8218;Mozilla&#8216; o &#8218;Netscape&#8216; nella parte superiore della finestra del browser e seleziona l&#8217;opzione &#8218;Preferenze&#8216;<br \/>\n2. Scorri verso il basso fino a visualizzare i cookies sotto &#8218;Privacy e sicurezza&#8216;<br \/>\n3. Seleziona &#8218;Abilita i cookies solo per il sito di origine&#8216;<\/p>\n<p><i>Opera<\/i><br \/>\n1. Fai clic su &#8218;Menu&#8216; nella parte superiore della finestra del browser e seleziona &#8218;Impostazioni&#8216;<br \/>\n2. Quindi seleziona &#8218;Preferenze&#8216;, seleziona la scheda &#8218;Avanzate&#8216;<br \/>\n3. Quindi seleziona l\u2019opzione &#8218;Accetta i cookies'<\/p>","protected":false},"excerpt":{"rendered":"<p>Leider ist der Eintrag nur auf Italiano verf\u00fcgbar. Der Inhalt wird unten in einer verf\u00fcgbaren Sprache angezeigt. Klicken Sie auf den Link, um die aktuelle Sprache zu \u00e4ndern.Un cookie \u00e8 un piccolo file di testo che un sito invia al browser e che viene salvato sul tuo computer quando visiti un sito internet. I cookie&#8230;<\/p>\n","protected":false},"author":6,"featured_media":0,"parent":0,"menu_order":0,"comment_status":"open","ping_status":"closed","template":"","meta":{"footnotes":""},"class_list":["post-211","page","type-page","status-publish","hentry"],"yoast_head":"<!-- This site is optimized with the Yoast SEO plugin v27.5 - https:\/\/yoast.com\/product\/yoast-seo-wordpress\/ -->\n<title>Cookies Policy - Studio Legale Napolitano<\/title>\n<meta name=\"robots\" content=\"index, follow, max-snippet:-1, max-image-preview:large, max-video-preview:-1\" \/>\n<link rel=\"canonical\" href=\"https:\/\/www.studiolegalenapolitano.com\/fr\/cookies-policy\/\" \/>\n<meta property=\"og:locale\" content=\"de_DE\" \/>\n<meta property=\"og:type\" content=\"article\" \/>\n<meta property=\"og:title\" content=\"Cookies Policy - Studio Legale Napolitano\" \/>\n<meta property=\"og:description\" content=\"Leider ist der Eintrag nur auf Italiano verf\u00fcgbar. Der Inhalt wird unten in einer verf\u00fcgbaren Sprache angezeigt. Klicken Sie auf den Link, um die aktuelle Sprache zu \u00e4ndern.Un cookie \u00e8 un piccolo file di testo che un sito invia al browser e che viene salvato sul tuo computer quando visiti un sito internet. I cookie...\" \/>\n<meta property=\"og:url\" content=\"https:\/\/www.studiolegalenapolitano.com\/fr\/cookies-policy\/\" \/>\n<meta property=\"og:site_name\" content=\"Studio Legale Napolitano\" \/>\n<meta name=\"twitter:card\" content=\"summary_large_image\" \/>\n<meta name=\"twitter:label1\" content=\"Gesch\u00e4tzte Lesezeit\" \/>\n\t<meta name=\"twitter:data1\" content=\"4\u00a0Minuten\" \/>\n<script type=\"application\/ld+json\" class=\"yoast-schema-graph\">{\"@context\":\"https:\\\/\\\/schema.org\",\"@graph\":[{\"@type\":\"WebPage\",\"@id\":\"https:\\\/\\\/www.studiolegalenapolitano.com\\\/fr\\\/cookies-policy\\\/\",\"url\":\"https:\\\/\\\/www.studiolegalenapolitano.com\\\/fr\\\/cookies-policy\\\/\",\"name\":\"Cookies Policy - Studio Legale Napolitano\",\"isPartOf\":{\"@id\":\"https:\\\/\\\/www.studiolegalenapolitano.com\\\/#website\"},\"datePublished\":\"2015-10-05T15:03:35+00:00\",\"breadcrumb\":{\"@id\":\"https:\\\/\\\/www.studiolegalenapolitano.com\\\/fr\\\/cookies-policy\\\/#breadcrumb\"},\"inLanguage\":\"de\",\"potentialAction\":[{\"@type\":\"ReadAction\",\"target\":[\"https:\\\/\\\/www.studiolegalenapolitano.com\\\/fr\\\/cookies-policy\\\/\"]}]},{\"@type\":\"BreadcrumbList\",\"@id\":\"https:\\\/\\\/www.studiolegalenapolitano.com\\\/fr\\\/cookies-policy\\\/#breadcrumb\",\"itemListElement\":[{\"@type\":\"ListItem\",\"position\":1,\"name\":\"Home\",\"item\":\"https:\\\/\\\/www.studiolegalenapolitano.com\\\/\"},{\"@type\":\"ListItem\",\"position\":2,\"name\":\"Cookies Policy\"}]},{\"@type\":\"WebSite\",\"@id\":\"https:\\\/\\\/www.studiolegalenapolitano.com\\\/#website\",\"url\":\"https:\\\/\\\/www.studiolegalenapolitano.com\\\/\",\"name\":\"Studio Legale Napolitano\",\"description\":\"Studio Legale\",\"potentialAction\":[{\"@type\":\"SearchAction\",\"target\":{\"@type\":\"EntryPoint\",\"urlTemplate\":\"https:\\\/\\\/www.studiolegalenapolitano.com\\\/?s={search_term_string}\"},\"query-input\":{\"@type\":\"PropertyValueSpecification\",\"valueRequired\":true,\"valueName\":\"search_term_string\"}}],\"inLanguage\":\"de\"}]}<\/script>\n<!-- \/ Yoast SEO plugin. -->","yoast_head_json":{"title":"Cookies Policy - Studio Legale Napolitano","robots":{"index":"index","follow":"follow","max-snippet":"max-snippet:-1","max-image-preview":"max-image-preview:large","max-video-preview":"max-video-preview:-1"},"canonical":"https:\/\/www.studiolegalenapolitano.com\/fr\/cookies-policy\/","og_locale":"de_DE","og_type":"article","og_title":"Cookies Policy - Studio Legale Napolitano","og_description":"Leider ist der Eintrag nur auf Italiano verf\u00fcgbar. Der Inhalt wird unten in einer verf\u00fcgbaren Sprache angezeigt. Klicken Sie auf den Link, um die aktuelle Sprache zu \u00e4ndern.Un cookie \u00e8 un piccolo file di testo che un sito invia al browser e che viene salvato sul tuo computer quando visiti un sito internet. I cookie...","og_url":"https:\/\/www.studiolegalenapolitano.com\/fr\/cookies-policy\/","og_site_name":"Studio Legale Napolitano","twitter_card":"summary_large_image","twitter_misc":{"Gesch\u00e4tzte Lesezeit":"4\u00a0Minuten"},"schema":{"@context":"https:\/\/schema.org","@graph":[{"@type":"WebPage","@id":"https:\/\/www.studiolegalenapolitano.com\/fr\/cookies-policy\/","url":"https:\/\/www.studiolegalenapolitano.com\/fr\/cookies-policy\/","name":"Cookies Policy - Studio Legale Napolitano","isPartOf":{"@id":"https:\/\/www.studiolegalenapolitano.com\/#website"},"datePublished":"2015-10-05T15:03:35+00:00","breadcrumb":{"@id":"https:\/\/www.studiolegalenapolitano.com\/fr\/cookies-policy\/#breadcrumb"},"inLanguage":"de","potentialAction":[{"@type":"ReadAction","target":["https:\/\/www.studiolegalenapolitano.com\/fr\/cookies-policy\/"]}]},{"@type":"BreadcrumbList","@id":"https:\/\/www.studiolegalenapolitano.com\/fr\/cookies-policy\/#breadcrumb","itemListElement":[{"@type":"ListItem","position":1,"name":"Home","item":"https:\/\/www.studiolegalenapolitano.com\/"},{"@type":"ListItem","position":2,"name":"Cookies Policy"}]},{"@type":"WebSite","@id":"https:\/\/www.studiolegalenapolitano.com\/#website","url":"https:\/\/www.studiolegalenapolitano.com\/","name":"Studio Legale Napolitano","description":"Studio Legale","potentialAction":[{"@type":"SearchAction","target":{"@type":"EntryPoint","urlTemplate":"https:\/\/www.studiolegalenapolitano.com\/?s={search_term_string}"},"query-input":{"@type":"PropertyValueSpecification","valueRequired":true,"valueName":"search_term_string"}}],"inLanguage":"de"}]}},"_links":{"self":[{"href":"https:\/\/www.studiolegalenapolitano.com\/de\/wp-json\/wp\/v2\/pages\/211","targetHints":{"allow":["GET"]}}],"collection":[{"href":"https:\/\/www.studiolegalenapolitano.com\/de\/wp-json\/wp\/v2\/pages"}],"about":[{"href":"https:\/\/www.studiolegalenapolitano.com\/de\/wp-json\/wp\/v2\/types\/page"}],"author":[{"embeddable":true,"href":"https:\/\/www.studiolegalenapolitano.com\/de\/wp-json\/wp\/v2\/users\/6"}],"replies":[{"embeddable":true,"href":"https:\/\/www.studiolegalenapolitano.com\/de\/wp-json\/wp\/v2\/comments?post=211"}],"version-history":[{"count":0,"href":"https:\/\/www.studiolegalenapolitano.com\/de\/wp-json\/wp\/v2\/pages\/211\/revisions"}],"wp:attachment":[{"href":"https:\/\/www.studiolegalenapolitano.com\/de\/wp-json\/wp\/v2\/media?parent=211"}],"curies":[{"name":"wp","href":"https:\/\/api.w.org\/{rel}","templated":true}]}}