{"id":129,"date":"2015-10-01T16:16:13","date_gmt":"2015-10-01T16:16:13","guid":{"rendered":"http:\/\/www.studiolegalenapolitano.com\/?page_id=129"},"modified":"2015-11-04T10:08:45","modified_gmt":"2015-11-04T10:08:45","slug":"banking","status":"publish","type":"page","link":"https:\/\/www.studiolegalenapolitano.com\/de\/attivita\/banking\/","title":{"rendered":"Diritto Bancario"},"content":{"rendered":"<p class=\"qtranxs-available-languages-message qtranxs-available-languages-message-de\">Leider ist der Eintrag nur auf <a href=\"https:\/\/www.studiolegalenapolitano.com\/it\/wp-json\/wp\/v2\/pages\/129\" class=\"qtranxs-available-language-link qtranxs-available-language-link-it\" title=\"Italiano\">Italiano<\/a>, <a href=\"https:\/\/www.studiolegalenapolitano.com\/fr\/wp-json\/wp\/v2\/pages\/129\" class=\"qtranxs-available-language-link qtranxs-available-language-link-fr\" title=\"Fran\u00e7ais\">Fran\u00e7ais<\/a> und <a href=\"https:\/\/www.studiolegalenapolitano.com\/en\/wp-json\/wp\/v2\/pages\/129\" class=\"qtranxs-available-language-link qtranxs-available-language-link-en\" title=\"English\">English<\/a> verf\u00fcgbar. Der Inhalt wird in der Standard-Sprache dieser Website angezeigt. Sie k\u00f6nnen einen Link anklicken, um zu einer anderen verf\u00fcgbaren Sprache zu wechseln.<\/p><p><\/p>\n<p style=\"text-align: justify;\">I professionisti dello Studio Legale Napolitano di Roma hanno una significativa expertise in materia di consulenza a banche, assicurazioni e altri soggetti operanti nel settore dell\u2019intermediazione mobiliare.<br \/>\nLo Studio Legale Napolitano, in particolare, fornisce assistenza nelle seguenti materie:<\/p>\n<ul>\n<li style=\"text-align: justify;\">contrattualistica bancaria e societaria;<\/li>\n<li style=\"text-align: justify;\">contrattualistica bancaria e finanziaria internazionale;<\/li>\n<li style=\"text-align: justify;\">compliance normativa per gli intermediari finanziari;<\/li>\n<li style=\"text-align: justify;\">controlli interni e procedure di risk assessment per gli intermediari finanziari;<\/li>\n<li style=\"text-align: justify;\">redazione di policy e procedure per lo svolgimento dell\u2019attivit\u00e0 bancaria e finanziaria;<\/li>\n<li style=\"text-align: justify;\">elaborazione e gestione, anche in outsourcing, delle misure antiriciclaggio e contro il finanziamento del terrorismo per intermediari finanziari sia nazionali che esteri, nonch\u00e9 per enti e societ\u00e0 del settore pubblico;<\/li>\n<li style=\"text-align: justify;\">contenzioso con le Autorit\u00e0 di vigilanza del settore finanziario;<\/li>\n<li style=\"text-align: justify;\">gestione dei rapporti degli organi sociali di soggetti operanti nel settore finanziario con le Autorit\u00e0 di riferimento del settore;<\/li>\n<li style=\"text-align: justify;\">ristrutturazione del debito per imprese in crisi;<\/li>\n<li style=\"text-align: justify;\">rideterminazione del fabbisogno finanziario e gestione della tesoreria aziendale.<\/li>\n<\/ul>\n<p><\/p>","protected":false},"excerpt":{"rendered":"<p>Leider ist der Eintrag nur auf Italiano, Fran\u00e7ais und English verf\u00fcgbar. Der Inhalt wird in der Standard-Sprache dieser Website angezeigt. Sie k\u00f6nnen einen Link anklicken, um zu einer anderen verf\u00fcgbaren Sprache zu wechseln. I professionisti dello Studio Legale Napolitano di Roma hanno una significativa expertise in materia di consulenza a banche, assicurazioni e altri soggetti&#8230;<\/p>\n","protected":false},"author":6,"featured_media":0,"parent":43,"menu_order":0,"comment_status":"closed","ping_status":"closed","template":"","meta":{"footnotes":""},"class_list":["post-129","page","type-page","status-publish","hentry"],"yoast_head":"<!-- This site is optimized with the Yoast SEO plugin v27.5 - https:\/\/yoast.com\/product\/yoast-seo-wordpress\/ -->\n<title>Diritto Bancario - Studio Legale Napolitano<\/title>\n<meta name=\"description\" content=\"I professionisti dello Studio Legale Napolitano di Roma hanno una significativa expertise in materia di consulenza a banche, assicurazioni e altri soggetti operanti nel settore dell\u2019intermediazione mobiliare.\" \/>\n<meta name=\"robots\" content=\"index, follow, max-snippet:-1, max-image-preview:large, max-video-preview:-1\" \/>\n<link rel=\"canonical\" href=\"https:\/\/www.studiolegalenapolitano.com\/attivita\/banking\/\" \/>\n<meta property=\"og:locale\" content=\"de_DE\" \/>\n<meta property=\"og:type\" content=\"article\" \/>\n<meta property=\"og:title\" content=\"Diritto Bancario - Studio Legale Napolitano\" \/>\n<meta property=\"og:description\" content=\"I professionisti dello Studio Legale Napolitano di Roma hanno una significativa expertise in materia di consulenza a banche, assicurazioni e altri soggetti operanti nel settore dell\u2019intermediazione mobiliare.\" \/>\n<meta property=\"og:url\" content=\"https:\/\/www.studiolegalenapolitano.com\/attivita\/banking\/\" \/>\n<meta property=\"og:site_name\" content=\"Studio Legale Napolitano\" \/>\n<meta property=\"article:modified_time\" content=\"2015-11-04T10:08:45+00:00\" \/>\n<meta name=\"twitter:card\" content=\"summary_large_image\" \/>\n<meta name=\"twitter:label1\" content=\"Gesch\u00e4tzte Lesezeit\" \/>\n\t<meta name=\"twitter:data1\" content=\"2\u00a0Minuten\" \/>\n<script type=\"application\/ld+json\" class=\"yoast-schema-graph\">{\"@context\":\"https:\\\/\\\/schema.org\",\"@graph\":[{\"@type\":\"WebPage\",\"@id\":\"https:\\\/\\\/www.studiolegalenapolitano.com\\\/attivita\\\/banking\\\/\",\"url\":\"https:\\\/\\\/www.studiolegalenapolitano.com\\\/attivita\\\/banking\\\/\",\"name\":\"Diritto Bancario - Studio Legale Napolitano\",\"isPartOf\":{\"@id\":\"https:\\\/\\\/www.studiolegalenapolitano.com\\\/#website\"},\"datePublished\":\"2015-10-01T16:16:13+00:00\",\"dateModified\":\"2015-11-04T10:08:45+00:00\",\"description\":\"I professionisti dello Studio Legale Napolitano di Roma hanno una significativa expertise in materia di consulenza a banche, assicurazioni e altri soggetti operanti nel settore dell\u2019intermediazione mobiliare.\",\"breadcrumb\":{\"@id\":\"https:\\\/\\\/www.studiolegalenapolitano.com\\\/attivita\\\/banking\\\/#breadcrumb\"},\"inLanguage\":\"de\",\"potentialAction\":[{\"@type\":\"ReadAction\",\"target\":[\"https:\\\/\\\/www.studiolegalenapolitano.com\\\/attivita\\\/banking\\\/\"]}]},{\"@type\":\"BreadcrumbList\",\"@id\":\"https:\\\/\\\/www.studiolegalenapolitano.com\\\/attivita\\\/banking\\\/#breadcrumb\",\"itemListElement\":[{\"@type\":\"ListItem\",\"position\":1,\"name\":\"Home\",\"item\":\"https:\\\/\\\/www.studiolegalenapolitano.com\\\/\"},{\"@type\":\"ListItem\",\"position\":2,\"name\":\"Aree di Attivit\u00e0\",\"item\":\"https:\\\/\\\/www.studiolegalenapolitano.com\\\/attivita\\\/\"},{\"@type\":\"ListItem\",\"position\":3,\"name\":\"Diritto Bancario\"}]},{\"@type\":\"WebSite\",\"@id\":\"https:\\\/\\\/www.studiolegalenapolitano.com\\\/#website\",\"url\":\"https:\\\/\\\/www.studiolegalenapolitano.com\\\/\",\"name\":\"Studio Legale Napolitano\",\"description\":\"Studio Legale\",\"potentialAction\":[{\"@type\":\"SearchAction\",\"target\":{\"@type\":\"EntryPoint\",\"urlTemplate\":\"https:\\\/\\\/www.studiolegalenapolitano.com\\\/?s={search_term_string}\"},\"query-input\":{\"@type\":\"PropertyValueSpecification\",\"valueRequired\":true,\"valueName\":\"search_term_string\"}}],\"inLanguage\":\"de\"}]}<\/script>\n<!-- \/ Yoast SEO plugin. -->","yoast_head_json":{"title":"Diritto Bancario - Studio Legale Napolitano","description":"I professionisti dello Studio Legale Napolitano di Roma hanno una significativa expertise in materia di consulenza a banche, assicurazioni e altri soggetti operanti nel settore dell\u2019intermediazione mobiliare.","robots":{"index":"index","follow":"follow","max-snippet":"max-snippet:-1","max-image-preview":"max-image-preview:large","max-video-preview":"max-video-preview:-1"},"canonical":"https:\/\/www.studiolegalenapolitano.com\/attivita\/banking\/","og_locale":"de_DE","og_type":"article","og_title":"Diritto Bancario - Studio Legale Napolitano","og_description":"I professionisti dello Studio Legale Napolitano di Roma hanno una significativa expertise in materia di consulenza a banche, assicurazioni e altri soggetti operanti nel settore dell\u2019intermediazione mobiliare.","og_url":"https:\/\/www.studiolegalenapolitano.com\/attivita\/banking\/","og_site_name":"Studio Legale Napolitano","article_modified_time":"2015-11-04T10:08:45+00:00","twitter_card":"summary_large_image","twitter_misc":{"Gesch\u00e4tzte Lesezeit":"2\u00a0Minuten"},"schema":{"@context":"https:\/\/schema.org","@graph":[{"@type":"WebPage","@id":"https:\/\/www.studiolegalenapolitano.com\/attivita\/banking\/","url":"https:\/\/www.studiolegalenapolitano.com\/attivita\/banking\/","name":"Diritto Bancario - Studio Legale Napolitano","isPartOf":{"@id":"https:\/\/www.studiolegalenapolitano.com\/#website"},"datePublished":"2015-10-01T16:16:13+00:00","dateModified":"2015-11-04T10:08:45+00:00","description":"I professionisti dello Studio Legale Napolitano di Roma hanno una significativa expertise in materia di consulenza a banche, assicurazioni e altri soggetti operanti nel settore dell\u2019intermediazione mobiliare.","breadcrumb":{"@id":"https:\/\/www.studiolegalenapolitano.com\/attivita\/banking\/#breadcrumb"},"inLanguage":"de","potentialAction":[{"@type":"ReadAction","target":["https:\/\/www.studiolegalenapolitano.com\/attivita\/banking\/"]}]},{"@type":"BreadcrumbList","@id":"https:\/\/www.studiolegalenapolitano.com\/attivita\/banking\/#breadcrumb","itemListElement":[{"@type":"ListItem","position":1,"name":"Home","item":"https:\/\/www.studiolegalenapolitano.com\/"},{"@type":"ListItem","position":2,"name":"Aree di Attivit\u00e0","item":"https:\/\/www.studiolegalenapolitano.com\/attivita\/"},{"@type":"ListItem","position":3,"name":"Diritto Bancario"}]},{"@type":"WebSite","@id":"https:\/\/www.studiolegalenapolitano.com\/#website","url":"https:\/\/www.studiolegalenapolitano.com\/","name":"Studio Legale Napolitano","description":"Studio Legale","potentialAction":[{"@type":"SearchAction","target":{"@type":"EntryPoint","urlTemplate":"https:\/\/www.studiolegalenapolitano.com\/?s={search_term_string}"},"query-input":{"@type":"PropertyValueSpecification","valueRequired":true,"valueName":"search_term_string"}}],"inLanguage":"de"}]}},"_links":{"self":[{"href":"https:\/\/www.studiolegalenapolitano.com\/de\/wp-json\/wp\/v2\/pages\/129","targetHints":{"allow":["GET"]}}],"collection":[{"href":"https:\/\/www.studiolegalenapolitano.com\/de\/wp-json\/wp\/v2\/pages"}],"about":[{"href":"https:\/\/www.studiolegalenapolitano.com\/de\/wp-json\/wp\/v2\/types\/page"}],"author":[{"embeddable":true,"href":"https:\/\/www.studiolegalenapolitano.com\/de\/wp-json\/wp\/v2\/users\/6"}],"replies":[{"embeddable":true,"href":"https:\/\/www.studiolegalenapolitano.com\/de\/wp-json\/wp\/v2\/comments?post=129"}],"version-history":[{"count":0,"href":"https:\/\/www.studiolegalenapolitano.com\/de\/wp-json\/wp\/v2\/pages\/129\/revisions"}],"up":[{"embeddable":true,"href":"https:\/\/www.studiolegalenapolitano.com\/de\/wp-json\/wp\/v2\/pages\/43"}],"wp:attachment":[{"href":"https:\/\/www.studiolegalenapolitano.com\/de\/wp-json\/wp\/v2\/media?parent=129"}],"curies":[{"name":"wp","href":"https:\/\/api.w.org\/{rel}","templated":true}]}}