{"id":126,"date":"2015-10-01T16:04:12","date_gmt":"2015-10-01T16:04:12","guid":{"rendered":"http:\/\/www.studiolegalenapolitano.com\/?page_id=126"},"modified":"2015-11-04T10:06:04","modified_gmt":"2015-11-04T10:06:04","slug":"penal-law","status":"publish","type":"page","link":"https:\/\/www.studiolegalenapolitano.com\/de\/attivita\/penal-law\/","title":{"rendered":"Diritto Penale"},"content":{"rendered":"<p class=\"qtranxs-available-languages-message qtranxs-available-languages-message-de\">Leider ist der Eintrag nur auf <a href=\"https:\/\/www.studiolegalenapolitano.com\/it\/wp-json\/wp\/v2\/pages\/126\" class=\"qtranxs-available-language-link qtranxs-available-language-link-it\" title=\"Italiano\">Italiano<\/a>, <a href=\"https:\/\/www.studiolegalenapolitano.com\/fr\/wp-json\/wp\/v2\/pages\/126\" class=\"qtranxs-available-language-link qtranxs-available-language-link-fr\" title=\"Fran\u00e7ais\">Fran\u00e7ais<\/a> und <a href=\"https:\/\/www.studiolegalenapolitano.com\/en\/wp-json\/wp\/v2\/pages\/126\" class=\"qtranxs-available-language-link qtranxs-available-language-link-en\" title=\"English\">English<\/a> verf\u00fcgbar. Der Inhalt wird in der Standard-Sprache dieser Website angezeigt. Sie k\u00f6nnen einen Link anklicken, um zu einer anderen verf\u00fcgbaren Sprache zu wechseln.<\/p><p>Lo Studio Legale Napolitano di Roma ha sviluppato una competenza prevalente in diritto penale d\u2019impresa, con particolare riferimento ai:<\/p>\n<ul>\n<li>reati societari e finanziari;<\/li>\n<li>reati tributari (comprese le problematiche relative a scudo fiscale, elusione fiscale, transfer pricing, black list);<\/li>\n<li>reati fallimentari;<\/li>\n<li>reati contro la Pubblica Amministrazione;<\/li>\n<li>reati contro il patrimonio, compreso il riciclaggio \u00a0e l\u2019autoriciclaggio;<\/li>\n<li>reati ambientali;<\/li>\n<li>reati colposi commessi con violazione delle norme antinfortunistiche.<\/li>\n<\/ul>\n<p style=\"text-align: justify;\">Lo Studio Legale Napolitano vanta una significativa esperienza in procedimenti penali ai sensi e per gli effetti del DLgs. 231\/2001 in materia di<strong> responsabilit\u00e0 &#8222;penale&#8220;\u00a0degli enti<\/strong>, avendo assistito numerose imprese chiamate in causa in ipotesi di reati commessi nel loro interesse o vantaggio da parte di loro apicali o sottoposto.<\/p>\n<p style=\"text-align: justify;\">Nell\u2019ambito degli accertamenti di reati tributari, lo Studio Legale Napolitano presta la propria assistenza anche in tutte le fasi delle verifiche, accessi, ispezioni della Guardia di Finanza e dell&#8217;Agenzia delle Entrate, e dei successivi momenti accertativi, con colloqui, scritti difensivi, accertamenti con adesione, procedimenti in autotutela, interpelli, reclami, mediazioni, conciliazioni, transazioni fiscali. Interviene, poi, nei procedimenti cautelari, conservativi e di riscossione coattiva a mezzo ruolo dei carichi tributari (cartelle di pagamento, accertamenti esecutivi, avvisi di addebito), promossi da Equitalia &#8211; Agente della riscossione.<\/p>\n<p><\/p>","protected":false},"excerpt":{"rendered":"<p>Leider ist der Eintrag nur auf Italiano, Fran\u00e7ais und English verf\u00fcgbar. Der Inhalt wird in der Standard-Sprache dieser Website angezeigt. Sie k\u00f6nnen einen Link anklicken, um zu einer anderen verf\u00fcgbaren Sprache zu wechseln.Lo Studio Legale Napolitano di Roma ha sviluppato una competenza prevalente in diritto penale d\u2019impresa, con particolare riferimento ai: reati societari e finanziari;&#8230;<\/p>\n","protected":false},"author":6,"featured_media":0,"parent":43,"menu_order":0,"comment_status":"closed","ping_status":"closed","template":"","meta":{"footnotes":""},"class_list":["post-126","page","type-page","status-publish","hentry"],"yoast_head":"<!-- This site is optimized with the Yoast SEO plugin v27.5 - https:\/\/yoast.com\/product\/yoast-seo-wordpress\/ -->\n<title>Diritto Penale - Studio Legale Napolitano<\/title>\n<meta name=\"robots\" content=\"index, follow, max-snippet:-1, max-image-preview:large, max-video-preview:-1\" \/>\n<link rel=\"canonical\" href=\"https:\/\/www.studiolegalenapolitano.com\/attivita\/penal-law\/\" \/>\n<meta property=\"og:locale\" content=\"de_DE\" \/>\n<meta property=\"og:type\" content=\"article\" \/>\n<meta property=\"og:title\" content=\"Diritto Penale - Studio Legale Napolitano\" \/>\n<meta property=\"og:description\" content=\"Leider ist der Eintrag nur auf Italiano, Fran\u00e7ais und English verf\u00fcgbar. Der Inhalt wird in der Standard-Sprache dieser Website angezeigt. Sie k\u00f6nnen einen Link anklicken, um zu einer anderen verf\u00fcgbaren Sprache zu wechseln.Lo Studio Legale Napolitano di Roma ha sviluppato una competenza prevalente in diritto penale d\u2019impresa, con particolare riferimento ai: reati societari e finanziari;...\" \/>\n<meta property=\"og:url\" content=\"https:\/\/www.studiolegalenapolitano.com\/attivita\/penal-law\/\" \/>\n<meta property=\"og:site_name\" content=\"Studio Legale Napolitano\" \/>\n<meta property=\"article:modified_time\" content=\"2015-11-04T10:06:04+00:00\" \/>\n<meta name=\"twitter:card\" content=\"summary_large_image\" \/>\n<meta name=\"twitter:label1\" content=\"Gesch\u00e4tzte Lesezeit\" \/>\n\t<meta name=\"twitter:data1\" content=\"3\u00a0Minuten\" \/>\n<script type=\"application\/ld+json\" class=\"yoast-schema-graph\">{\"@context\":\"https:\\\/\\\/schema.org\",\"@graph\":[{\"@type\":\"WebPage\",\"@id\":\"https:\\\/\\\/www.studiolegalenapolitano.com\\\/attivita\\\/penal-law\\\/\",\"url\":\"https:\\\/\\\/www.studiolegalenapolitano.com\\\/attivita\\\/penal-law\\\/\",\"name\":\"Diritto Penale - Studio Legale Napolitano\",\"isPartOf\":{\"@id\":\"https:\\\/\\\/www.studiolegalenapolitano.com\\\/#website\"},\"datePublished\":\"2015-10-01T16:04:12+00:00\",\"dateModified\":\"2015-11-04T10:06:04+00:00\",\"breadcrumb\":{\"@id\":\"https:\\\/\\\/www.studiolegalenapolitano.com\\\/attivita\\\/penal-law\\\/#breadcrumb\"},\"inLanguage\":\"de\",\"potentialAction\":[{\"@type\":\"ReadAction\",\"target\":[\"https:\\\/\\\/www.studiolegalenapolitano.com\\\/attivita\\\/penal-law\\\/\"]}]},{\"@type\":\"BreadcrumbList\",\"@id\":\"https:\\\/\\\/www.studiolegalenapolitano.com\\\/attivita\\\/penal-law\\\/#breadcrumb\",\"itemListElement\":[{\"@type\":\"ListItem\",\"position\":1,\"name\":\"Home\",\"item\":\"https:\\\/\\\/www.studiolegalenapolitano.com\\\/\"},{\"@type\":\"ListItem\",\"position\":2,\"name\":\"Aree di Attivit\u00e0\",\"item\":\"https:\\\/\\\/www.studiolegalenapolitano.com\\\/attivita\\\/\"},{\"@type\":\"ListItem\",\"position\":3,\"name\":\"Diritto Penale\"}]},{\"@type\":\"WebSite\",\"@id\":\"https:\\\/\\\/www.studiolegalenapolitano.com\\\/#website\",\"url\":\"https:\\\/\\\/www.studiolegalenapolitano.com\\\/\",\"name\":\"Studio Legale Napolitano\",\"description\":\"Studio Legale\",\"potentialAction\":[{\"@type\":\"SearchAction\",\"target\":{\"@type\":\"EntryPoint\",\"urlTemplate\":\"https:\\\/\\\/www.studiolegalenapolitano.com\\\/?s={search_term_string}\"},\"query-input\":{\"@type\":\"PropertyValueSpecification\",\"valueRequired\":true,\"valueName\":\"search_term_string\"}}],\"inLanguage\":\"de\"}]}<\/script>\n<!-- \/ Yoast SEO plugin. -->","yoast_head_json":{"title":"Diritto Penale - Studio Legale Napolitano","robots":{"index":"index","follow":"follow","max-snippet":"max-snippet:-1","max-image-preview":"max-image-preview:large","max-video-preview":"max-video-preview:-1"},"canonical":"https:\/\/www.studiolegalenapolitano.com\/attivita\/penal-law\/","og_locale":"de_DE","og_type":"article","og_title":"Diritto Penale - Studio Legale Napolitano","og_description":"Leider ist der Eintrag nur auf Italiano, Fran\u00e7ais und English verf\u00fcgbar. Der Inhalt wird in der Standard-Sprache dieser Website angezeigt. Sie k\u00f6nnen einen Link anklicken, um zu einer anderen verf\u00fcgbaren Sprache zu wechseln.Lo Studio Legale Napolitano di Roma ha sviluppato una competenza prevalente in diritto penale d\u2019impresa, con particolare riferimento ai: reati societari e finanziari;...","og_url":"https:\/\/www.studiolegalenapolitano.com\/attivita\/penal-law\/","og_site_name":"Studio Legale Napolitano","article_modified_time":"2015-11-04T10:06:04+00:00","twitter_card":"summary_large_image","twitter_misc":{"Gesch\u00e4tzte Lesezeit":"3\u00a0Minuten"},"schema":{"@context":"https:\/\/schema.org","@graph":[{"@type":"WebPage","@id":"https:\/\/www.studiolegalenapolitano.com\/attivita\/penal-law\/","url":"https:\/\/www.studiolegalenapolitano.com\/attivita\/penal-law\/","name":"Diritto Penale - Studio Legale Napolitano","isPartOf":{"@id":"https:\/\/www.studiolegalenapolitano.com\/#website"},"datePublished":"2015-10-01T16:04:12+00:00","dateModified":"2015-11-04T10:06:04+00:00","breadcrumb":{"@id":"https:\/\/www.studiolegalenapolitano.com\/attivita\/penal-law\/#breadcrumb"},"inLanguage":"de","potentialAction":[{"@type":"ReadAction","target":["https:\/\/www.studiolegalenapolitano.com\/attivita\/penal-law\/"]}]},{"@type":"BreadcrumbList","@id":"https:\/\/www.studiolegalenapolitano.com\/attivita\/penal-law\/#breadcrumb","itemListElement":[{"@type":"ListItem","position":1,"name":"Home","item":"https:\/\/www.studiolegalenapolitano.com\/"},{"@type":"ListItem","position":2,"name":"Aree di Attivit\u00e0","item":"https:\/\/www.studiolegalenapolitano.com\/attivita\/"},{"@type":"ListItem","position":3,"name":"Diritto Penale"}]},{"@type":"WebSite","@id":"https:\/\/www.studiolegalenapolitano.com\/#website","url":"https:\/\/www.studiolegalenapolitano.com\/","name":"Studio Legale Napolitano","description":"Studio Legale","potentialAction":[{"@type":"SearchAction","target":{"@type":"EntryPoint","urlTemplate":"https:\/\/www.studiolegalenapolitano.com\/?s={search_term_string}"},"query-input":{"@type":"PropertyValueSpecification","valueRequired":true,"valueName":"search_term_string"}}],"inLanguage":"de"}]}},"_links":{"self":[{"href":"https:\/\/www.studiolegalenapolitano.com\/de\/wp-json\/wp\/v2\/pages\/126","targetHints":{"allow":["GET"]}}],"collection":[{"href":"https:\/\/www.studiolegalenapolitano.com\/de\/wp-json\/wp\/v2\/pages"}],"about":[{"href":"https:\/\/www.studiolegalenapolitano.com\/de\/wp-json\/wp\/v2\/types\/page"}],"author":[{"embeddable":true,"href":"https:\/\/www.studiolegalenapolitano.com\/de\/wp-json\/wp\/v2\/users\/6"}],"replies":[{"embeddable":true,"href":"https:\/\/www.studiolegalenapolitano.com\/de\/wp-json\/wp\/v2\/comments?post=126"}],"version-history":[{"count":0,"href":"https:\/\/www.studiolegalenapolitano.com\/de\/wp-json\/wp\/v2\/pages\/126\/revisions"}],"up":[{"embeddable":true,"href":"https:\/\/www.studiolegalenapolitano.com\/de\/wp-json\/wp\/v2\/pages\/43"}],"wp:attachment":[{"href":"https:\/\/www.studiolegalenapolitano.com\/de\/wp-json\/wp\/v2\/media?parent=126"}],"curies":[{"name":"wp","href":"https:\/\/api.w.org\/{rel}","templated":true}]}}